{"id":63,"date":"2024-08-26T05:14:12","date_gmt":"2024-08-26T05:14:12","guid":{"rendered":"https:\/\/z3n.fi\/?post_type=product&#038;p=63"},"modified":"2025-10-10T17:59:18","modified_gmt":"2025-10-10T17:59:18","slug":"v8","status":"publish","type":"product","link":"https:\/\/z3n.fi\/en\/product\/v8\/","title":{"rendered":"V8"},"content":{"rendered":"<p><strong data-start=\"0\" data-end=\"35\" data-is-only-node=\"\">Z3N V8 \u2013 t\u00e4ydellinen sekoitus voimaa ja tyyli\u00e4.<\/strong><br data-start=\"35\" data-end=\"38\" \/>T\u00e4m\u00e4 ergonominen s\u00e4hk\u00f6vatkain tekee ruoanlaitosta ja leivonnasta nautinnon. Tehokas moottori, tarkat nopeuss\u00e4\u00e4d\u00f6t ja laadukkaat ter\u00e4ksiset vispil\u00e4t takaavat t\u00e4ydellisen lopputuloksen joka kerta. Z3N V8 \u2013 kun haluat vatkata kuin ammattilainen.<\/p>\n<p>Ominaisuudet:<\/p>\n<ul>\n<li>TEHO 300 W<\/li>\n<li>MONIPUOLINEN VATKAIN RUOANLAITTOON JA LEIVONTAAN VIISI NOPEUSASETUSTA<\/li>\n<li>TYYLIK\u00c4S MUOTOILU<\/li>\n<li>ASTIANPESUKONEESSA PEST\u00c4V\u00c4T TER\u00c4KSISET VISPIL\u00c4T JA TAIKINAKOUKUT<\/li>\n<\/ul>\n<p>Lataa laitteen k\u00e4ytt\u00f6ohjeet painamalla <a href=\"https:\/\/www.z3nhome.com\/ohjeet\/Z3N-V8-OHJE.pdf\">T\u00c4ST\u00c4<\/a><\/p>","protected":false},"excerpt":{"rendered":"<p>Z3N V8 \u2013 t\u00e4ydellinen sekoitus voimaa ja tyyli\u00e4.T\u00e4m\u00e4 ergonominen s\u00e4hk\u00f6vatkain tekee ruoanlaitosta ja leivonnasta nautinnon. Tehokas moottori, tarkat nopeuss\u00e4\u00e4d\u00f6t ja laadukkaat ter\u00e4ksiset vispil\u00e4t takaavat t\u00e4ydellisen lopputuloksen joka kerta. Z3N V8 \u2013 kun haluat vatkata kuin ammattilainen. Ominaisuudet: TEHO 300 W MONIPUOLINEN VATKAIN RUOANLAITTOON JA LEIVONTAAN VIISI NOPEUSASETUSTA TYYLIK\u00c4S MUOTOILU ASTIANPESUKONEESSA PEST\u00c4V\u00c4T TER\u00c4KSISET VISPIL\u00c4T JA TAIKINAKOUKUT [&#8230;]","protected":false},"featured_media":272,"comment_status":"open","ping_status":"closed","template":"","meta":[],"product_cat":[24],"product_tag":[],"class_list":{"0":"post-63","1":"product","2":"type-product","3":"status-publish","4":"has-post-thumbnail","6":"product_cat-vatkaimet","8":"first","9":"instock","10":"shipping-taxable","11":"purchasable","12":"product-type-simple"},"_links":{"self":[{"href":"https:\/\/z3n.fi\/en\/wp-json\/wp\/v2\/product\/63","targetHints":{"allow":["GET"]}}],"collection":[{"href":"https:\/\/z3n.fi\/en\/wp-json\/wp\/v2\/product"}],"about":[{"href":"https:\/\/z3n.fi\/en\/wp-json\/wp\/v2\/types\/product"}],"replies":[{"embeddable":true,"href":"https:\/\/z3n.fi\/en\/wp-json\/wp\/v2\/comments?post=63"}],"wp:featuredmedia":[{"embeddable":true,"href":"https:\/\/z3n.fi\/en\/wp-json\/wp\/v2\/media\/272"}],"wp:attachment":[{"href":"https:\/\/z3n.fi\/en\/wp-json\/wp\/v2\/media?parent=63"}],"wp:term":[{"taxonomy":"product_cat","embeddable":true,"href":"https:\/\/z3n.fi\/en\/wp-json\/wp\/v2\/product_cat?post=63"},{"taxonomy":"product_tag","embeddable":true,"href":"https:\/\/z3n.fi\/en\/wp-json\/wp\/v2\/product_tag?post=63"}],"curies":[{"name":"wp","href":"https:\/\/api.w.org\/{rel}","templated":true}]}}