{"id":62,"date":"2024-08-26T05:13:50","date_gmt":"2024-08-26T05:13:50","guid":{"rendered":"https:\/\/z3n.fi\/?post_type=product&#038;p=62"},"modified":"2025-10-10T18:10:55","modified_gmt":"2025-10-10T18:10:55","slug":"t18","status":"publish","type":"product","link":"https:\/\/z3n.fi\/en\/product\/t18\/","title":{"rendered":"T18"},"content":{"rendered":"<p><strong data-start=\"0\" data-end=\"53\" data-is-only-node=\"\">Z3N T18 \u2013 voimaa ja tarkkuutta joka sekoitukseen.<\/strong><br data-start=\"53\" data-end=\"56\" \/>Tehokas 1800 W moottori ja 1,5 litran lasikannu takaavat tasaisen lopputuloksen hetkess\u00e4. Valmiit ohjelmat helpottavat k\u00e4ytt\u00f6\u00e4 \u2013 murskaa j\u00e4\u00e4t\u00e4, sekoita smoothie tai soseuta vihannekset nappia painamalla. Z3N T18 tekee tuoreista raaka-aineista t\u00e4ydellisen juoman tai annoksen.<\/p>\n<p>Ominaisuudet:<\/p>\n<ul>\n<li>Tehokas 1800 W moottori<\/li>\n<li>Lasikannun tilavuus 1,5 L<\/li>\n<li>Valmiit ohjelmat: j\u00e4\u00e4nmurskaus, smoothie, kasvikset &amp; hedelm\u00e4t, j\u00e4\u00e4tel\u00f6 ja sose<\/li>\n<li>Irrotettava kansi k\u00e4tev\u00e4ll\u00e4 t\u00e4ytt\u00f6aukolla<\/li>\n<\/ul>\n<p>Lataa laitteen k\u00e4ytt\u00f6ohjeet klikkaamalla <a href=\"https:\/\/www.z3nhome.com\/ohjeet\/Z3N-T18-OHJE.pdf\">T\u00c4ST\u00c4<\/a><\/p>","protected":false},"excerpt":{"rendered":"<p>Z3N T18 \u2013 voimaa ja tarkkuutta joka sekoitukseen.Tehokas 1800 W moottori ja 1,5 litran lasikannu takaavat tasaisen lopputuloksen hetkess\u00e4. Valmiit ohjelmat helpottavat k\u00e4ytt\u00f6\u00e4 \u2013 murskaa j\u00e4\u00e4t\u00e4, sekoita smoothie tai soseuta vihannekset nappia painamalla. Z3N T18 tekee tuoreista raaka-aineista t\u00e4ydellisen juoman tai annoksen. Ominaisuudet: Tehokas 1800 W moottori Lasikannun tilavuus 1,5 L Valmiit ohjelmat: j\u00e4\u00e4nmurskaus, smoothie, [&#8230;]","protected":false},"featured_media":325,"comment_status":"open","ping_status":"closed","template":"","meta":[],"product_cat":[23],"product_tag":[],"class_list":{"0":"post-62","1":"product","2":"type-product","3":"status-publish","4":"has-post-thumbnail","6":"product_cat-tehosekoittimet","8":"first","9":"instock","10":"shipping-taxable","11":"purchasable","12":"product-type-simple"},"_links":{"self":[{"href":"https:\/\/z3n.fi\/en\/wp-json\/wp\/v2\/product\/62","targetHints":{"allow":["GET"]}}],"collection":[{"href":"https:\/\/z3n.fi\/en\/wp-json\/wp\/v2\/product"}],"about":[{"href":"https:\/\/z3n.fi\/en\/wp-json\/wp\/v2\/types\/product"}],"replies":[{"embeddable":true,"href":"https:\/\/z3n.fi\/en\/wp-json\/wp\/v2\/comments?post=62"}],"wp:featuredmedia":[{"embeddable":true,"href":"https:\/\/z3n.fi\/en\/wp-json\/wp\/v2\/media\/325"}],"wp:attachment":[{"href":"https:\/\/z3n.fi\/en\/wp-json\/wp\/v2\/media?parent=62"}],"wp:term":[{"taxonomy":"product_cat","embeddable":true,"href":"https:\/\/z3n.fi\/en\/wp-json\/wp\/v2\/product_cat?post=62"},{"taxonomy":"product_tag","embeddable":true,"href":"https:\/\/z3n.fi\/en\/wp-json\/wp\/v2\/product_tag?post=62"}],"curies":[{"name":"wp","href":"https:\/\/api.w.org\/{rel}","templated":true}]}}