{"id":61,"date":"2024-08-26T05:13:07","date_gmt":"2024-08-26T05:13:07","guid":{"rendered":"https:\/\/z3n.fi\/?post_type=product&#038;p=61"},"modified":"2025-10-10T18:13:10","modified_gmt":"2025-10-10T18:13:10","slug":"t12","status":"publish","type":"product","link":"https:\/\/z3n.fi\/en\/product\/t12\/","title":{"rendered":"T12"},"content":{"rendered":"<p><strong data-start=\"0\" data-end=\"46\" data-is-only-node=\"\">Z3N T12 \u2013 kompakti tehopakkaus keitti\u00f6\u00f6si.<\/strong><br data-start=\"46\" data-end=\"49\" \/>1200 watin moottori ja 1,5 litran lasikannu takaavat tehokkaan sekoituksen joka kerta. Valitse valmis ohjelma ja nauti t\u00e4ydellisest\u00e4 smoothiesta, soseesta tai j\u00e4\u00e4nmurskauksesta \u2013 helposti ja nopeasti.<\/p>\n<p>Ominaisuudet:<\/p>\n<ul>\n<li>Teho 1200 W<\/li>\n<li>Lasikannun tilavuus 1,5 L<\/li>\n<li>Valmiit ohjelmat: j\u00e4\u00e4nmurskaus, smoothie ja sose Irrotettava kansi k\u00e4tev\u00e4ll\u00e4 t\u00e4ytt\u00f6aukolla<\/li>\n<\/ul>\n<p>Lataa laitteen k\u00e4ytt\u00f6ohjeet klikkaamalla <a href=\"https:\/\/www.z3nhome.com\/ohjeet\/Z3N-T12-OHJE.pdf\">T\u00c4ST\u00c4<\/a><\/p>","protected":false},"excerpt":{"rendered":"<p>Z3N T12 \u2013 kompakti tehopakkaus keitti\u00f6\u00f6si.1200 watin moottori ja 1,5 litran lasikannu takaavat tehokkaan sekoituksen joka kerta. Valitse valmis ohjelma ja nauti t\u00e4ydellisest\u00e4 smoothiesta, soseesta tai j\u00e4\u00e4nmurskauksesta \u2013 helposti ja nopeasti. Ominaisuudet: Teho 1200 W Lasikannun tilavuus 1,5 L Valmiit ohjelmat: j\u00e4\u00e4nmurskaus, smoothie ja sose Irrotettava kansi k\u00e4tev\u00e4ll\u00e4 t\u00e4ytt\u00f6aukolla Lataa laitteen k\u00e4ytt\u00f6ohjeet klikkaamalla T\u00c4ST\u00c4<\/p>","protected":false},"featured_media":276,"comment_status":"open","ping_status":"closed","template":"","meta":[],"product_cat":[23],"product_tag":[],"class_list":{"0":"post-61","1":"product","2":"type-product","3":"status-publish","4":"has-post-thumbnail","6":"product_cat-tehosekoittimet","8":"first","9":"instock","10":"shipping-taxable","11":"purchasable","12":"product-type-simple"},"_links":{"self":[{"href":"https:\/\/z3n.fi\/en\/wp-json\/wp\/v2\/product\/61","targetHints":{"allow":["GET"]}}],"collection":[{"href":"https:\/\/z3n.fi\/en\/wp-json\/wp\/v2\/product"}],"about":[{"href":"https:\/\/z3n.fi\/en\/wp-json\/wp\/v2\/types\/product"}],"replies":[{"embeddable":true,"href":"https:\/\/z3n.fi\/en\/wp-json\/wp\/v2\/comments?post=61"}],"wp:featuredmedia":[{"embeddable":true,"href":"https:\/\/z3n.fi\/en\/wp-json\/wp\/v2\/media\/276"}],"wp:attachment":[{"href":"https:\/\/z3n.fi\/en\/wp-json\/wp\/v2\/media?parent=61"}],"wp:term":[{"taxonomy":"product_cat","embeddable":true,"href":"https:\/\/z3n.fi\/en\/wp-json\/wp\/v2\/product_cat?post=61"},{"taxonomy":"product_tag","embeddable":true,"href":"https:\/\/z3n.fi\/en\/wp-json\/wp\/v2\/product_tag?post=61"}],"curies":[{"name":"wp","href":"https:\/\/api.w.org\/{rel}","templated":true}]}}