{"id":60,"date":"2024-08-26T05:12:39","date_gmt":"2024-08-26T05:12:39","guid":{"rendered":"https:\/\/z3n.fi\/?post_type=product&#038;p=60"},"modified":"2025-10-10T18:23:39","modified_gmt":"2025-10-10T18:23:39","slug":"s12","status":"publish","type":"product","link":"https:\/\/z3n.fi\/en\/product\/s12\/","title":{"rendered":"S12"},"content":{"rendered":"<p><strong data-start=\"0\" data-end=\"52\" data-is-only-node=\"\">Z3N S12 \u2013 tehoa ja tarkkuutta k\u00e4den ulottuvilla.<\/strong><br data-start=\"52\" data-end=\"55\" \/>1200 watin sauvasekoitin hoitaa sekoittamisen, vatkaamisen ja silppuamisen helposti. Monipuolinen teline tarvikkeineen tekee k\u00e4yt\u00f6st\u00e4 ja s\u00e4ilytyksest\u00e4 sujuvaa \u2013 Z3N S12 on keitti\u00f6n luottoty\u00f6kalu joka tilanteessa.<\/p>\n<p>Ominaisuudet:<\/p>\n<ul>\n<li>Teho 1200 W<\/li>\n<li>Mukana teline, jossa silppuri, vispil\u00e4 ja k\u00e4tev\u00e4 sekoitusastia<\/li>\n<\/ul>\n<p>Lataa laitteen k\u00e4ytt\u00f6ohjeet klikkaamalla <a href=\"https:\/\/www.z3nhome.com\/ohjeet\/Z3N-S12-OHJE.pdf\">T\u00c4ST\u00c4<\/a><\/p>","protected":false},"excerpt":{"rendered":"<p>Z3N S12 \u2013 tehoa ja tarkkuutta k\u00e4den ulottuvilla.1200 watin sauvasekoitin hoitaa sekoittamisen, vatkaamisen ja silppuamisen helposti. Monipuolinen teline tarvikkeineen tekee k\u00e4yt\u00f6st\u00e4 ja s\u00e4ilytyksest\u00e4 sujuvaa \u2013 Z3N S12 on keitti\u00f6n luottoty\u00f6kalu joka tilanteessa. Ominaisuudet: Teho 1200 W Mukana teline, jossa silppuri, vispil\u00e4 ja k\u00e4tev\u00e4 sekoitusastia Lataa laitteen k\u00e4ytt\u00f6ohjeet klikkaamalla T\u00c4ST\u00c4<\/p>","protected":false},"featured_media":279,"comment_status":"open","ping_status":"closed","template":"","meta":[],"product_cat":[20],"product_tag":[],"class_list":{"0":"post-60","1":"product","2":"type-product","3":"status-publish","4":"has-post-thumbnail","6":"product_cat-sauvasekoittimet","8":"first","9":"instock","10":"shipping-taxable","11":"purchasable","12":"product-type-simple"},"_links":{"self":[{"href":"https:\/\/z3n.fi\/en\/wp-json\/wp\/v2\/product\/60","targetHints":{"allow":["GET"]}}],"collection":[{"href":"https:\/\/z3n.fi\/en\/wp-json\/wp\/v2\/product"}],"about":[{"href":"https:\/\/z3n.fi\/en\/wp-json\/wp\/v2\/types\/product"}],"replies":[{"embeddable":true,"href":"https:\/\/z3n.fi\/en\/wp-json\/wp\/v2\/comments?post=60"}],"wp:featuredmedia":[{"embeddable":true,"href":"https:\/\/z3n.fi\/en\/wp-json\/wp\/v2\/media\/279"}],"wp:attachment":[{"href":"https:\/\/z3n.fi\/en\/wp-json\/wp\/v2\/media?parent=60"}],"wp:term":[{"taxonomy":"product_cat","embeddable":true,"href":"https:\/\/z3n.fi\/en\/wp-json\/wp\/v2\/product_cat?post=60"},{"taxonomy":"product_tag","embeddable":true,"href":"https:\/\/z3n.fi\/en\/wp-json\/wp\/v2\/product_tag?post=60"}],"curies":[{"name":"wp","href":"https:\/\/api.w.org\/{rel}","templated":true}]}}