{"id":59,"date":"2024-08-26T05:12:01","date_gmt":"2024-08-26T05:12:01","guid":{"rendered":"https:\/\/z3n.fi\/?post_type=product&#038;p=59"},"modified":"2025-10-10T18:17:59","modified_gmt":"2025-10-10T18:17:59","slug":"k15","status":"publish","type":"product","link":"https:\/\/z3n.fi\/en\/product\/k15\/","title":{"rendered":"K15"},"content":{"rendered":"<p><strong data-start=\"0\" data-end=\"51\" data-is-only-node=\"\">Z3N K15 \u2013 nopeutta ja mukavuutta joka keitolla.<\/strong><br data-start=\"51\" data-end=\"54\" \/>Tehokas 1500 W vedenkeitin l\u00e4mmitt\u00e4\u00e4 veden hetkess\u00e4. Kest\u00e4v\u00e4 ter\u00e4srunko, automaattinen sammutus ja helppo puhdistettavuus tekev\u00e4t Z3N K15:st\u00e4 tyylikk\u00e4\u00e4n ja turvallisen kumppanin jokaiseen keitti\u00f6\u00f6n.<\/p>\n<p>Ominaisuudet:<\/p>\n<ul>\n<li>KAPASITEETTI 1.5L<\/li>\n<li>TEHO 1500W &#8211; KIEHUU NOPEASTI KEST\u00c4V\u00c4<\/li>\n<li>TER\u00c4SRUNKO<\/li>\n<li>VIRTAJOHTO 50CM<\/li>\n<li>AUTOMAATTINEN SAMMUTUS<\/li>\n<li>HELPOSTI PUHDISTETTAVA<\/li>\n<\/ul>\n<p>Lataa laitteen k\u00e4ytt\u00f6ohjeet klikkaamalla <a href=\"https:\/\/www.z3nhome.com\/ohjeet\/Z3N-K12-K18-OHJE.pdf\">T\u00c4ST\u00c4<\/a><\/p>","protected":false},"excerpt":{"rendered":"<p>Z3N K15 \u2013 nopeutta ja mukavuutta joka keitolla.Tehokas 1500 W vedenkeitin l\u00e4mmitt\u00e4\u00e4 veden hetkess\u00e4. Kest\u00e4v\u00e4 ter\u00e4srunko, automaattinen sammutus ja helppo puhdistettavuus tekev\u00e4t Z3N K15:st\u00e4 tyylikk\u00e4\u00e4n ja turvallisen kumppanin jokaiseen keitti\u00f6\u00f6n. Ominaisuudet: KAPASITEETTI 1.5L TEHO 1500W &#8211; KIEHUU NOPEASTI KEST\u00c4V\u00c4 TER\u00c4SRUNKO VIRTAJOHTO 50CM AUTOMAATTINEN SAMMUTUS HELPOSTI PUHDISTETTAVA Lataa laitteen k\u00e4ytt\u00f6ohjeet klikkaamalla T\u00c4ST\u00c4<\/p>","protected":false},"featured_media":260,"comment_status":"open","ping_status":"closed","template":"","meta":[],"product_cat":[19],"product_tag":[],"class_list":{"0":"post-59","1":"product","2":"type-product","3":"status-publish","4":"has-post-thumbnail","6":"product_cat-vedenkeittimet","8":"first","9":"instock","10":"shipping-taxable","11":"purchasable","12":"product-type-simple"},"_links":{"self":[{"href":"https:\/\/z3n.fi\/en\/wp-json\/wp\/v2\/product\/59","targetHints":{"allow":["GET"]}}],"collection":[{"href":"https:\/\/z3n.fi\/en\/wp-json\/wp\/v2\/product"}],"about":[{"href":"https:\/\/z3n.fi\/en\/wp-json\/wp\/v2\/types\/product"}],"replies":[{"embeddable":true,"href":"https:\/\/z3n.fi\/en\/wp-json\/wp\/v2\/comments?post=59"}],"wp:featuredmedia":[{"embeddable":true,"href":"https:\/\/z3n.fi\/en\/wp-json\/wp\/v2\/media\/260"}],"wp:attachment":[{"href":"https:\/\/z3n.fi\/en\/wp-json\/wp\/v2\/media?parent=59"}],"wp:term":[{"taxonomy":"product_cat","embeddable":true,"href":"https:\/\/z3n.fi\/en\/wp-json\/wp\/v2\/product_cat?post=59"},{"taxonomy":"product_tag","embeddable":true,"href":"https:\/\/z3n.fi\/en\/wp-json\/wp\/v2\/product_tag?post=59"}],"curies":[{"name":"wp","href":"https:\/\/api.w.org\/{rel}","templated":true}]}}