{"id":58,"date":"2024-08-26T05:11:13","date_gmt":"2024-08-26T05:11:13","guid":{"rendered":"https:\/\/z3n.fi\/?post_type=product&#038;p=58"},"modified":"2025-10-10T18:20:07","modified_gmt":"2025-10-10T18:20:07","slug":"k12","status":"publish","type":"product","link":"https:\/\/z3n.fi\/en\/product\/k12\/","title":{"rendered":"K12"},"content":{"rendered":"<p><strong data-start=\"0\" data-end=\"55\" data-is-only-node=\"\">Z3N K12 \u2013 kompakti vedenkeitin, suuri suorituskyky.<\/strong><br data-start=\"55\" data-end=\"58\" \/>1,2 litran kapasiteetti ja 1500 watin teho takaavat nopean kiehumisen. Kest\u00e4v\u00e4 ter\u00e4srunko, automaattinen sammutus ja helppo puhdistus tekev\u00e4t Z3N K12:sta t\u00e4ydellisen valinnan pienemp\u00e4\u00e4nkin keitti\u00f6\u00f6n.<\/p>\n<p>Ominaisuudet:<\/p>\n<ul>\n<li>KAPASITEETTI 1.2L<\/li>\n<li>TEHO 1500W &#8211; KIEHUU NOPEASTI<\/li>\n<li>KEST\u00c4V\u00c4 TER\u00c4SRUNKO<\/li>\n<li>VIRTAJOHTO 50CM<\/li>\n<li>AUTOMAATTINEN SAMMUTUS<\/li>\n<li>HELPOSTI PUHDISTETTAVA<\/li>\n<\/ul>\n<p>Lataa laitteen k\u00e4ytt\u00f6ohjeet klikkaamalla <a href=\"https:\/\/www.z3nhome.com\/ohjeet\/Z3N-K12-K18-OHJE.pdf\">T\u00c4ST\u00c4<\/a><\/p>","protected":false},"excerpt":{"rendered":"<p>Z3N K12 \u2013 kompakti vedenkeitin, suuri suorituskyky.1,2 litran kapasiteetti ja 1500 watin teho takaavat nopean kiehumisen. Kest\u00e4v\u00e4 ter\u00e4srunko, automaattinen sammutus ja helppo puhdistus tekev\u00e4t Z3N K12:sta t\u00e4ydellisen valinnan pienemp\u00e4\u00e4nkin keitti\u00f6\u00f6n. Ominaisuudet: KAPASITEETTI 1.2L TEHO 1500W &#8211; KIEHUU NOPEASTI KEST\u00c4V\u00c4 TER\u00c4SRUNKO VIRTAJOHTO 50CM AUTOMAATTINEN SAMMUTUS HELPOSTI PUHDISTETTAVA Lataa laitteen k\u00e4ytt\u00f6ohjeet klikkaamalla T\u00c4ST\u00c4<\/p>","protected":false},"featured_media":263,"comment_status":"open","ping_status":"closed","template":"","meta":[],"product_cat":[19],"product_tag":[],"class_list":{"0":"post-58","1":"product","2":"type-product","3":"status-publish","4":"has-post-thumbnail","6":"product_cat-vedenkeittimet","8":"first","9":"instock","10":"shipping-taxable","11":"purchasable","12":"product-type-simple"},"_links":{"self":[{"href":"https:\/\/z3n.fi\/en\/wp-json\/wp\/v2\/product\/58","targetHints":{"allow":["GET"]}}],"collection":[{"href":"https:\/\/z3n.fi\/en\/wp-json\/wp\/v2\/product"}],"about":[{"href":"https:\/\/z3n.fi\/en\/wp-json\/wp\/v2\/types\/product"}],"replies":[{"embeddable":true,"href":"https:\/\/z3n.fi\/en\/wp-json\/wp\/v2\/comments?post=58"}],"wp:featuredmedia":[{"embeddable":true,"href":"https:\/\/z3n.fi\/en\/wp-json\/wp\/v2\/media\/263"}],"wp:attachment":[{"href":"https:\/\/z3n.fi\/en\/wp-json\/wp\/v2\/media?parent=58"}],"wp:term":[{"taxonomy":"product_cat","embeddable":true,"href":"https:\/\/z3n.fi\/en\/wp-json\/wp\/v2\/product_cat?post=58"},{"taxonomy":"product_tag","embeddable":true,"href":"https:\/\/z3n.fi\/en\/wp-json\/wp\/v2\/product_tag?post=58"}],"curies":[{"name":"wp","href":"https:\/\/api.w.org\/{rel}","templated":true}]}}