{"id":57,"date":"2024-08-26T05:10:35","date_gmt":"2024-08-26T05:10:35","guid":{"rendered":"https:\/\/z3n.fi\/?post_type=product&#038;p=57"},"modified":"2026-02-16T14:47:48","modified_gmt":"2026-02-16T14:47:48","slug":"m15","status":"publish","type":"product","link":"https:\/\/z3n.fi\/en\/product\/m15\/","title":{"rendered":"M15"},"content":{"rendered":"<article class=\"text-token-text-primary w-full focus:outline-none [--shadow-height:45px] has-data-writing-block:pointer-events-none has-data-writing-block:-mt-(--shadow-height) has-data-writing-block:pt-(--shadow-height) [&amp;:has([data-writing-block])&gt;*]:pointer-events-auto [content-visibility:auto] supports-[content-visibility:auto]:[contain-intrinsic-size:auto_100lvh] scroll-mt-[calc(var(--header-height)+min(200px,max(70px,20svh)))]\" dir=\"auto\" tabindex=\"-1\" data-turn-id=\"request-68e94898-4d2c-8325-8cf5-c20d7210ff6d-15\" data-testid=\"conversation-turn-26\" data-scroll-anchor=\"true\" data-turn=\"assistant\">\n<h6 class=\"sr-only\"><strong style=\"color: #555555; font-size: 14.4px;\" data-start=\"0\" data-end=\"44\" data-is-only-node=\"\">Z3N M15 \u2013 keitti\u00f6n monitoiminen mestari.<\/strong><\/h6>\n<div class=\"text-base my-auto mx-auto pb-10 [--thread-content-margin:--spacing(4)] thread-sm:[--thread-content-margin:--spacing(6)] thread-lg:[--thread-content-margin:--spacing(16)] px-(--thread-content-margin)\">\n<div class=\"[--thread-content-max-width:40rem] thread-lg:[--thread-content-max-width:48rem] mx-auto max-w-(--thread-content-max-width) flex-1 group\/turn-messages focus-visible:outline-hidden relative flex w-full min-w-0 flex-col agent-turn\" tabindex=\"-1\">\n<div class=\"flex max-w-full flex-col grow\">\n<div class=\"min-h-8 text-message relative flex w-full flex-col items-end gap-2 text-start break-words whitespace-normal [.text-message+&amp;]:mt-5\" dir=\"auto\" data-message-author-role=\"assistant\" data-message-id=\"9c80f035-9306-4194-9833-51e08f2723b1\" data-message-model-slug=\"gpt-5\">\n<div class=\"flex w-full flex-col gap-1 empty:hidden first:pt-[1px]\">\n<div class=\"markdown prose dark:prose-invert w-full break-words light markdown-new-styling\">\n<p data-start=\"0\" data-end=\"577\" data-is-last-node=\"\" data-is-only-node=\"\">T\u00e4m\u00e4 tehokas 1500 watin yleiskone on suunniteltu vaivattomaan ruoanlaittoon ja leivontaan. Suuri 6,0 litran ter\u00e4skulho kannella tarjoaa runsaasti tilaa taikinoille ja seoksille, ja mukana tulevat taikinakoukku, vatkain sek\u00e4 vispil\u00e4 hoitavat kaiken raskaista taikinoista ilmaviin vaahtoihin. Lis\u00e4ksi Z3N M15 sis\u00e4lt\u00e4\u00e4 lihamyllyn ja tehosekoittimen, joten voit jauhaa, sekoittaa ja valmistaa tuoreita raaka-aineita helposti samassa laitteessa. Tyylik\u00e4s ja kest\u00e4v\u00e4 rakenne tekee siit\u00e4 luotettavan apurin keitti\u00f6\u00f6si \u2013 p\u00e4iv\u00e4st\u00e4 toiseen.<\/p>\n<p data-start=\"0\" data-end=\"577\" data-is-last-node=\"\" data-is-only-node=\"\">Ominaisuudet:<\/p>\n<ul>\n<li data-start=\"0\" data-end=\"577\">Teho 1500 W<\/li>\n<li data-start=\"0\" data-end=\"577\">Ter\u00e4skulho kannella 6,0L<\/li>\n<li data-start=\"0\" data-end=\"577\">Taikinakoukku, vatkain ja vispil\u00e4<\/li>\n<li data-start=\"0\" data-end=\"577\">Mukana my\u00f6s lihamylly ja tehosekoitin<\/li>\n<\/ul>\n<p>Lataa laitteen k\u00e4ytt\u00f6ohjeet klikkaamalla <a href=\"https:\/\/www.z3nhome.com\/ohjeet\/Z3N-M15-OHJE.pdf\">T\u00c4ST\u00c4<\/a><\/p>\n<\/div>\n<\/div>\n<\/div>\n<\/div>\n<\/div>\n<\/div>\n<\/article>","protected":false},"excerpt":{"rendered":"<p>Z3N M15 \u2013 keitti\u00f6n monitoiminen mestari. T\u00e4m\u00e4 tehokas 1500 watin yleiskone on suunniteltu vaivattomaan ruoanlaittoon ja leivontaan. Suuri 6,0 litran ter\u00e4skulho kannella tarjoaa runsaasti tilaa taikinoille ja seoksille, ja mukana tulevat taikinakoukku, vatkain sek\u00e4 vispil\u00e4 hoitavat kaiken raskaista taikinoista ilmaviin vaahtoihin. Lis\u00e4ksi Z3N M15 sis\u00e4lt\u00e4\u00e4 lihamyllyn ja tehosekoittimen, joten voit jauhaa, sekoittaa ja valmistaa tuoreita [&#8230;]","protected":false},"featured_media":264,"comment_status":"open","ping_status":"closed","template":"","meta":[],"product_cat":[18],"product_tag":[],"class_list":{"0":"post-57","1":"product","2":"type-product","3":"status-publish","4":"has-post-thumbnail","6":"product_cat-yleiskoneet","8":"first","9":"instock","10":"shipping-taxable","11":"purchasable","12":"product-type-simple"},"_links":{"self":[{"href":"https:\/\/z3n.fi\/en\/wp-json\/wp\/v2\/product\/57","targetHints":{"allow":["GET"]}}],"collection":[{"href":"https:\/\/z3n.fi\/en\/wp-json\/wp\/v2\/product"}],"about":[{"href":"https:\/\/z3n.fi\/en\/wp-json\/wp\/v2\/types\/product"}],"replies":[{"embeddable":true,"href":"https:\/\/z3n.fi\/en\/wp-json\/wp\/v2\/comments?post=57"}],"wp:featuredmedia":[{"embeddable":true,"href":"https:\/\/z3n.fi\/en\/wp-json\/wp\/v2\/media\/264"}],"wp:attachment":[{"href":"https:\/\/z3n.fi\/en\/wp-json\/wp\/v2\/media?parent=57"}],"wp:term":[{"taxonomy":"product_cat","embeddable":true,"href":"https:\/\/z3n.fi\/en\/wp-json\/wp\/v2\/product_cat?post=57"},{"taxonomy":"product_tag","embeddable":true,"href":"https:\/\/z3n.fi\/en\/wp-json\/wp\/v2\/product_tag?post=57"}],"curies":[{"name":"wp","href":"https:\/\/api.w.org\/{rel}","templated":true}]}}