{"id":56,"date":"2024-08-26T05:09:58","date_gmt":"2024-08-26T05:09:58","guid":{"rendered":"https:\/\/z3n.fi\/?post_type=product&#038;p=56"},"modified":"2025-10-10T18:51:28","modified_gmt":"2025-10-10T18:51:28","slug":"go","status":"publish","type":"product","link":"https:\/\/z3n.fi\/en\/product\/go\/","title":{"rendered":"GO"},"content":{"rendered":"<p><strong data-start=\"0\" data-end=\"43\" data-is-only-node=\"\">Z3N GO \u2013 vapautta, tyyli\u00e4 ja selkeytt\u00e4.<\/strong><br data-start=\"43\" data-end=\"46\" \/>N\u00e4m\u00e4 kompaktit langattomat kuulokkeet tarjoavat kirkkaan \u00e4\u00e4nen, helpon kosketusohjauksen ja luotettavan Bluetooth 5.3 -yhteyden. Kevyt muotoilu ja k\u00e4tev\u00e4 latauskotelo tekev\u00e4t Z3N GO:sta t\u00e4ydellisen kumppanin liikkeell\u00e4 olevalle.<\/p>\n<p>Ominaisuudet:<\/p>\n<ul>\n<li>PITK\u00c4 AKUNKESTO<\/li>\n<li>KANNETTAVALLA LATAUSKOTELOLLA LIS\u00c4VIRTAA JOPA NELJ\u00c4\u00c4N LATAUKSEEN<\/li>\n<li>HELPPO KULJETTAA VAIKKA AVAINNIPUSSA<\/li>\n<li>USB-C-TYYPIN LATAUSLIIT\u00c4NT\u00c4<\/li>\n<li>BLUETOOTH 5.3<\/li>\n<\/ul>\n<p>Lataa laitteen k\u00e4ytt\u00f6ohjeet klikkaamalla <a href=\"https:\/\/www.z3nhome.com\/ohjeet\/Z3N-GO-MANUAL.pdf\">T\u00c4ST\u00c4<\/a><\/p>","protected":false},"excerpt":{"rendered":"<p>Z3N GO \u2013 vapautta, tyyli\u00e4 ja selkeytt\u00e4.N\u00e4m\u00e4 kompaktit langattomat kuulokkeet tarjoavat kirkkaan \u00e4\u00e4nen, helpon kosketusohjauksen ja luotettavan Bluetooth 5.3 -yhteyden. Kevyt muotoilu ja k\u00e4tev\u00e4 latauskotelo tekev\u00e4t Z3N GO:sta t\u00e4ydellisen kumppanin liikkeell\u00e4 olevalle. Ominaisuudet: PITK\u00c4 AKUNKESTO KANNETTAVALLA LATAUSKOTELOLLA LIS\u00c4VIRTAA JOPA NELJ\u00c4\u00c4N LATAUKSEEN HELPPO KULJETTAA VAIKKA AVAINNIPUSSA USB-C-TYYPIN LATAUSLIIT\u00c4NT\u00c4 BLUETOOTH 5.3 Lataa laitteen k\u00e4ytt\u00f6ohjeet klikkaamalla T\u00c4ST\u00c4<\/p>","protected":false},"featured_media":245,"comment_status":"open","ping_status":"closed","template":"","meta":[],"product_cat":[17],"product_tag":[],"class_list":{"0":"post-56","1":"product","2":"type-product","3":"status-publish","4":"has-post-thumbnail","6":"product_cat-kuulokkeet","8":"first","9":"instock","10":"shipping-taxable","11":"purchasable","12":"product-type-simple"},"_links":{"self":[{"href":"https:\/\/z3n.fi\/en\/wp-json\/wp\/v2\/product\/56","targetHints":{"allow":["GET"]}}],"collection":[{"href":"https:\/\/z3n.fi\/en\/wp-json\/wp\/v2\/product"}],"about":[{"href":"https:\/\/z3n.fi\/en\/wp-json\/wp\/v2\/types\/product"}],"replies":[{"embeddable":true,"href":"https:\/\/z3n.fi\/en\/wp-json\/wp\/v2\/comments?post=56"}],"wp:featuredmedia":[{"embeddable":true,"href":"https:\/\/z3n.fi\/en\/wp-json\/wp\/v2\/media\/245"}],"wp:attachment":[{"href":"https:\/\/z3n.fi\/en\/wp-json\/wp\/v2\/media?parent=56"}],"wp:term":[{"taxonomy":"product_cat","embeddable":true,"href":"https:\/\/z3n.fi\/en\/wp-json\/wp\/v2\/product_cat?post=56"},{"taxonomy":"product_tag","embeddable":true,"href":"https:\/\/z3n.fi\/en\/wp-json\/wp\/v2\/product_tag?post=56"}],"curies":[{"name":"wp","href":"https:\/\/api.w.org\/{rel}","templated":true}]}}