{"id":55,"date":"2024-08-26T05:09:33","date_gmt":"2024-08-26T05:09:33","guid":{"rendered":"https:\/\/z3n.fi\/?post_type=product&#038;p=55"},"modified":"2026-02-16T14:52:54","modified_gmt":"2026-02-16T14:52:54","slug":"h20","status":"publish","type":"product","link":"https:\/\/z3n.fi\/en\/product\/h20\/","title":{"rendered":"H20"},"content":{"rendered":"<p><strong data-start=\"0\" data-end=\"36\" data-is-only-node=\"\">Z3N H20 \u2013 \u00e4\u00e4nt\u00e4 ilman h\u00e4iri\u00f6it\u00e4.<\/strong><br data-start=\"36\" data-end=\"39\" \/>N\u00e4m\u00e4 langattomat kuulokkeet tarjoavat kirkkaan \u00e4\u00e4nen, modernin muotoilun ja pitk\u00e4kestoisen akun. Kuuntele musiikkia, radiota tai puhu handsfree \u2013 miss\u00e4 vain, milloin vain.<\/p>\n<p>Ominaisuudet:<\/p>\n<article class=\"text-token-text-primary w-full focus:outline-none [--shadow-height:45px] has-data-writing-block:pointer-events-none has-data-writing-block:-mt-(--shadow-height) has-data-writing-block:pt-(--shadow-height) [&amp;:has([data-writing-block])&gt;*]:pointer-events-auto [content-visibility:auto] supports-[content-visibility:auto]:[contain-intrinsic-size:auto_100lvh] scroll-mt-[calc(var(--header-height)+min(200px,max(70px,20svh)))]\" dir=\"auto\" tabindex=\"-1\" data-turn-id=\"request-68e94898-4d2c-8325-8cf5-c20d7210ff6d-18\" data-testid=\"conversation-turn-32\" data-scroll-anchor=\"true\" data-turn=\"assistant\">\n<div class=\"text-base my-auto mx-auto pb-10 [--thread-content-margin:--spacing(4)] thread-sm:[--thread-content-margin:--spacing(6)] thread-lg:[--thread-content-margin:--spacing(16)] px-(--thread-content-margin)\">\n<div class=\"[--thread-content-max-width:40rem] thread-lg:[--thread-content-max-width:48rem] mx-auto max-w-(--thread-content-max-width) flex-1 group\/turn-messages focus-visible:outline-hidden relative flex w-full min-w-0 flex-col agent-turn\" tabindex=\"-1\">\n<div class=\"flex max-w-full flex-col grow\">\n<div class=\"min-h-8 text-message relative flex w-full flex-col items-end gap-2 text-start break-words whitespace-normal [.text-message+&amp;]:mt-5\" dir=\"auto\" data-message-author-role=\"assistant\" data-message-id=\"b3ffe1d9-f35e-4f4d-9b12-99c972bcda00\" data-message-model-slug=\"gpt-5\">\n<div class=\"flex w-full flex-col gap-1 empty:hidden first:pt-[1px]\">\n<div class=\"markdown prose dark:prose-invert w-full break-words light markdown-new-styling\">\n<ul>\n<li data-start=\"2\" data-end=\"35\">Selke\u00e4 ja tasapainoinen \u00e4\u00e4ni<\/li>\n<li data-start=\"2\" data-end=\"35\">Pitk\u00e4 akunkesto, USB-C-lataus<\/li>\n<li data-start=\"2\" data-end=\"35\">Bluetooth, FM, AUX ja SD-tuki<\/li>\n<li data-start=\"2\" data-end=\"35\">Mukavat ja tyylikk\u00e4\u00e4t k\u00e4ytt\u00e4\u00e4<\/li>\n<\/ul>\n<p>Lataa laitteen k\u00e4ytt\u00f6ohjeet klikkaamalla <a href=\"https:\/\/www.z3nhome.com\/ohjeet\/Z3N-H20-OHJE.pdf\">T\u00c4ST\u00c4<\/a><\/p>\n<\/div>\n<\/div>\n<\/div>\n<\/div>\n<\/div>\n<\/div>\n<\/article>","protected":false},"excerpt":{"rendered":"<p>Z3N H20 \u2013 \u00e4\u00e4nt\u00e4 ilman h\u00e4iri\u00f6it\u00e4.N\u00e4m\u00e4 langattomat kuulokkeet tarjoavat kirkkaan \u00e4\u00e4nen, modernin muotoilun ja pitk\u00e4kestoisen akun. Kuuntele musiikkia, radiota tai puhu handsfree \u2013 miss\u00e4 vain, milloin vain. Ominaisuudet: Selke\u00e4 ja tasapainoinen \u00e4\u00e4ni Pitk\u00e4 akunkesto, USB-C-lataus Bluetooth, FM, AUX ja SD-tuki Mukavat ja tyylikk\u00e4\u00e4t k\u00e4ytt\u00e4\u00e4 Lataa laitteen k\u00e4ytt\u00f6ohjeet klikkaamalla T\u00c4ST\u00c4<\/p>","protected":false},"featured_media":249,"comment_status":"open","ping_status":"closed","template":"","meta":[],"product_cat":[17],"product_tag":[],"class_list":{"0":"post-55","1":"product","2":"type-product","3":"status-publish","4":"has-post-thumbnail","6":"product_cat-kuulokkeet","8":"first","9":"instock","10":"shipping-taxable","11":"purchasable","12":"product-type-simple"},"_links":{"self":[{"href":"https:\/\/z3n.fi\/en\/wp-json\/wp\/v2\/product\/55","targetHints":{"allow":["GET"]}}],"collection":[{"href":"https:\/\/z3n.fi\/en\/wp-json\/wp\/v2\/product"}],"about":[{"href":"https:\/\/z3n.fi\/en\/wp-json\/wp\/v2\/types\/product"}],"replies":[{"embeddable":true,"href":"https:\/\/z3n.fi\/en\/wp-json\/wp\/v2\/comments?post=55"}],"wp:featuredmedia":[{"embeddable":true,"href":"https:\/\/z3n.fi\/en\/wp-json\/wp\/v2\/media\/249"}],"wp:attachment":[{"href":"https:\/\/z3n.fi\/en\/wp-json\/wp\/v2\/media?parent=55"}],"wp:term":[{"taxonomy":"product_cat","embeddable":true,"href":"https:\/\/z3n.fi\/en\/wp-json\/wp\/v2\/product_cat?post=55"},{"taxonomy":"product_tag","embeddable":true,"href":"https:\/\/z3n.fi\/en\/wp-json\/wp\/v2\/product_tag?post=55"}],"curies":[{"name":"wp","href":"https:\/\/api.w.org\/{rel}","templated":true}]}}