{"id":54,"date":"2024-08-26T05:09:05","date_gmt":"2024-08-26T05:09:05","guid":{"rendered":"https:\/\/z3n.fi\/?post_type=product&#038;p=54"},"modified":"2026-02-11T14:31:47","modified_gmt":"2026-02-11T14:31:47","slug":"b10","status":"publish","type":"product","link":"https:\/\/z3n.fi\/en\/product\/b10\/","title":{"rendered":"B10"},"content":{"rendered":"<p><strong data-start=\"0\" data-end=\"36\" data-is-only-node=\"\">Z3N B10 \u2013 \u00e4\u00e4nt\u00e4, joka liikuttaa.<\/strong><br data-start=\"36\" data-end=\"39\" \/>T\u00e4m\u00e4 tehokas 100 watin Bluetooth-kaiutin tuo juhlat mukanasi minne vain. Kahden langattoman mikrofonin ansiosta se on t\u00e4ydellinen karaokehetkiin, ja pitk\u00e4 akunkesto takaa musiikin ilman keskeytyksi\u00e4. TWS-paritus, syv\u00e4 basso ja moderni muotoilu tekev\u00e4t Z3N B10:st\u00e4 todellisen kannettavan \u00e4\u00e4nij\u00e4rjestelm\u00e4n \u2013 aina valmiina soittamaan.<\/p>\n<p>Ominaisuudet:<\/p>\n<ul data-start=\"77\" data-end=\"404\">\n<li data-start=\"77\" data-end=\"123\">\n<p data-start=\"79\" data-end=\"123\">100 W teho, syv\u00e4 basso ja kirkas diskantti<\/p>\n<\/li>\n<li data-start=\"77\" data-end=\"123\">\n<p data-start=\"79\" data-end=\"123\">Kaksi langatonta mikrofonia \u2013 t\u00e4ydellinen karaokeen<\/p>\n<\/li>\n<li data-start=\"180\" data-end=\"224\">\n<p data-start=\"182\" data-end=\"224\">Bluetooth 5.0, AUX, USB ja TF-korttituki<\/p>\n<\/li>\n<li data-start=\"225\" data-end=\"281\">\n<p data-start=\"227\" data-end=\"281\">Pitk\u00e4 akunkesto \u2013 jopa 10 tuntia yhdell\u00e4 latauksella<\/p>\n<\/li>\n<li data-start=\"282\" data-end=\"316\">\n<p data-start=\"284\" data-end=\"316\">12000 mAh akku ja USB-C-lataus<\/p>\n<\/li>\n<li data-start=\"317\" data-end=\"354\">\n<p data-start=\"319\" data-end=\"354\">TWS-paritus kahdelle kaiuttimelle<\/p>\n<\/li>\n<li data-start=\"355\" data-end=\"404\">\n<p data-start=\"357\" data-end=\"404\">Langattoman mikrofonin kantama jopa 10 metri\u00e4<\/p>\n<\/li>\n<li data-start=\"355\" data-end=\"404\">V\u00e4rivaihtoehdot harmaa tai musta<\/li>\n<\/ul>\n<p data-start=\"406\" data-end=\"498\" data-is-last-node=\"\" data-is-only-node=\"\"><strong data-start=\"406\" data-end=\"417\">Mukana:<\/strong><br data-start=\"417\" data-end=\"420\" \/>2 langatonta mikrofonia, Type-C-latauskaapeli, AUX-kaapeli, vy\u00f6 ja k\u00e4ytt\u00f6ohje.<\/p>\n<p data-start=\"406\" data-end=\"498\" data-is-last-node=\"\" data-is-only-node=\"\">Lataa laitteen k\u00e4ytt\u00f6ohjeet klikkaamalla <a href=\"https:\/\/www.z3nhome.com\/ohjeet\/Z3N-B10-OHJE.pdf\" target=\"_blank\" rel=\"noopener\">T\u00c4ST\u00c4<\/a><\/p>","protected":false},"excerpt":{"rendered":"<p>Z3N B10 \u2013 \u00e4\u00e4nt\u00e4, joka liikuttaa.T\u00e4m\u00e4 tehokas 100 watin Bluetooth-kaiutin tuo juhlat mukanasi minne vain. Kahden langattoman mikrofonin ansiosta se on t\u00e4ydellinen karaokehetkiin, ja pitk\u00e4 akunkesto takaa musiikin ilman keskeytyksi\u00e4. TWS-paritus, syv\u00e4 basso ja moderni muotoilu tekev\u00e4t Z3N B10:st\u00e4 todellisen kannettavan \u00e4\u00e4nij\u00e4rjestelm\u00e4n \u2013 aina valmiina soittamaan. Ominaisuudet: 100 W teho, syv\u00e4 basso ja kirkas diskantti [&#8230;]","protected":false},"featured_media":239,"comment_status":"open","ping_status":"closed","template":"","meta":[],"product_cat":[16],"product_tag":[],"class_list":{"0":"post-54","1":"product","2":"type-product","3":"status-publish","4":"has-post-thumbnail","6":"product_cat-kaiuttimet","8":"first","9":"instock","10":"shipping-taxable","11":"purchasable","12":"product-type-simple"},"_links":{"self":[{"href":"https:\/\/z3n.fi\/en\/wp-json\/wp\/v2\/product\/54","targetHints":{"allow":["GET"]}}],"collection":[{"href":"https:\/\/z3n.fi\/en\/wp-json\/wp\/v2\/product"}],"about":[{"href":"https:\/\/z3n.fi\/en\/wp-json\/wp\/v2\/types\/product"}],"replies":[{"embeddable":true,"href":"https:\/\/z3n.fi\/en\/wp-json\/wp\/v2\/comments?post=54"}],"wp:featuredmedia":[{"embeddable":true,"href":"https:\/\/z3n.fi\/en\/wp-json\/wp\/v2\/media\/239"}],"wp:attachment":[{"href":"https:\/\/z3n.fi\/en\/wp-json\/wp\/v2\/media?parent=54"}],"wp:term":[{"taxonomy":"product_cat","embeddable":true,"href":"https:\/\/z3n.fi\/en\/wp-json\/wp\/v2\/product_cat?post=54"},{"taxonomy":"product_tag","embeddable":true,"href":"https:\/\/z3n.fi\/en\/wp-json\/wp\/v2\/product_tag?post=54"}],"curies":[{"name":"wp","href":"https:\/\/api.w.org\/{rel}","templated":true}]}}