{"id":53,"date":"2024-08-26T05:08:35","date_gmt":"2024-08-26T05:08:35","guid":{"rendered":"https:\/\/z3n.fi\/?post_type=product&#038;p=53"},"modified":"2025-10-10T18:35:38","modified_gmt":"2025-10-10T18:35:38","slug":"r20","status":"publish","type":"product","link":"https:\/\/z3n.fi\/en\/product\/r20\/","title":{"rendered":"R20"},"content":{"rendered":"<p><strong data-start=\"0\" data-end=\"55\" data-is-only-node=\"\">Z3N R20 \u2013 retrohenkinen radio modernilla syd\u00e4mell\u00e4.<\/strong><br data-start=\"55\" data-end=\"58\" \/>T\u00e4m\u00e4 tyylik\u00e4s Bluetooth-kaiutin yhdist\u00e4\u00e4 klassisen FM-radion, langattoman latauksen ja her\u00e4tyskellon yhteen laitteeseen. Nautit kirkkaasta \u00e4\u00e4nest\u00e4, helppok\u00e4ytt\u00f6isyydest\u00e4 ja ajattomasta designista \u2013 olipa kyse aamuher\u00e4tyksest\u00e4, musiikista tai rentoutumisesta. Z3N R20 tekee arjesta soivan ja tyylikk\u00e4\u00e4n.<\/p>\n<p>Ominaisuudet:<\/p>\n<ul>\n<li data-start=\"0\" data-end=\"40\">\n<p data-start=\"2\" data-end=\"40\">Retrotyylinen Bluetooth- ja FM-radio<\/p>\n<\/li>\n<li data-start=\"85\" data-end=\"133\">\n<p data-start=\"87\" data-end=\"133\">Her\u00e4tyskello ja lepotila rentoutusmusiikilla<\/p>\n<\/li>\n<li data-start=\"134\" data-end=\"163\">\n<p data-start=\"136\" data-end=\"163\">Langaton puhelimen lataus<\/p>\n<\/li>\n<li data-start=\"164\" data-end=\"205\">\n<p data-start=\"166\" data-end=\"205\">USB-muistituki ja digitaalinen n\u00e4ytt\u00f6<\/p>\n<\/li>\n<li data-start=\"206\" data-end=\"235\">\n<p data-start=\"208\" data-end=\"235\">Pitk\u00e4 10 tunnin akunkesto<\/p>\n<\/li>\n<li data-start=\"236\" data-end=\"285\" data-is-last-node=\"\">\n<p data-start=\"238\" data-end=\"285\" data-is-last-node=\"\">Tyylik\u00e4s, kompakti ja helppok\u00e4ytt\u00f6inen muotoilu<\/p>\n<\/li>\n<li data-start=\"236\" data-end=\"285\" data-is-last-node=\"\">V\u00e4rivaihtoehdot vaalea puu tai tumma puu<\/li>\n<\/ul>\n<p>Lataan laitteen k\u00e4ytt\u00f6ohjeet klikkaamalla <a href=\"https:\/\/www.z3nhome.com\/ohjeet\/Z3N-R20-OHJE.pdf\">T\u00c4ST\u00c4<\/a><\/p>","protected":false},"excerpt":{"rendered":"<p>Z3N R20 \u2013 retrohenkinen radio modernilla syd\u00e4mell\u00e4.T\u00e4m\u00e4 tyylik\u00e4s Bluetooth-kaiutin yhdist\u00e4\u00e4 klassisen FM-radion, langattoman latauksen ja her\u00e4tyskellon yhteen laitteeseen. Nautit kirkkaasta \u00e4\u00e4nest\u00e4, helppok\u00e4ytt\u00f6isyydest\u00e4 ja ajattomasta designista \u2013 olipa kyse aamuher\u00e4tyksest\u00e4, musiikista tai rentoutumisesta. Z3N R20 tekee arjesta soivan ja tyylikk\u00e4\u00e4n. Ominaisuudet: Retrotyylinen Bluetooth- ja FM-radio Her\u00e4tyskello ja lepotila rentoutusmusiikilla Langaton puhelimen lataus USB-muistituki ja digitaalinen n\u00e4ytt\u00f6 [&#8230;]","protected":false},"featured_media":282,"comment_status":"open","ping_status":"closed","template":"","meta":[],"product_cat":[15],"product_tag":[],"class_list":{"0":"post-53","1":"product","2":"type-product","3":"status-publish","4":"has-post-thumbnail","6":"product_cat-radiot","8":"first","9":"instock","10":"shipping-taxable","11":"purchasable","12":"product-type-simple"},"_links":{"self":[{"href":"https:\/\/z3n.fi\/en\/wp-json\/wp\/v2\/product\/53","targetHints":{"allow":["GET"]}}],"collection":[{"href":"https:\/\/z3n.fi\/en\/wp-json\/wp\/v2\/product"}],"about":[{"href":"https:\/\/z3n.fi\/en\/wp-json\/wp\/v2\/types\/product"}],"replies":[{"embeddable":true,"href":"https:\/\/z3n.fi\/en\/wp-json\/wp\/v2\/comments?post=53"}],"wp:featuredmedia":[{"embeddable":true,"href":"https:\/\/z3n.fi\/en\/wp-json\/wp\/v2\/media\/282"}],"wp:attachment":[{"href":"https:\/\/z3n.fi\/en\/wp-json\/wp\/v2\/media?parent=53"}],"wp:term":[{"taxonomy":"product_cat","embeddable":true,"href":"https:\/\/z3n.fi\/en\/wp-json\/wp\/v2\/product_cat?post=53"},{"taxonomy":"product_tag","embeddable":true,"href":"https:\/\/z3n.fi\/en\/wp-json\/wp\/v2\/product_tag?post=53"}],"curies":[{"name":"wp","href":"https:\/\/api.w.org\/{rel}","templated":true}]}}