{"id":52,"date":"2024-08-26T05:08:11","date_gmt":"2024-08-26T05:08:11","guid":{"rendered":"https:\/\/z3n.fi\/?post_type=product&#038;p=52"},"modified":"2025-10-10T18:45:36","modified_gmt":"2025-10-10T18:45:36","slug":"r10","status":"publish","type":"product","link":"https:\/\/z3n.fi\/en\/product\/r10\/","title":{"rendered":"R10"},"content":{"rendered":"<p data-start=\"0\" data-end=\"353\"><strong data-start=\"0\" data-end=\"48\">Z3N R10 \u2013 retrodesign, nykyp\u00e4iv\u00e4n tekniikka.<\/strong><br data-start=\"48\" data-end=\"51\" \/>T\u00e4m\u00e4 klassisen tyylik\u00e4s FM-radio ja Bluetooth-kaiutin yhdist\u00e4\u00e4 aidon puukotelon l\u00e4mpim\u00e4n ilmeen ja modernit ominaisuudet. Nauti kirkkaasta \u00e4\u00e4nest\u00e4, langattomasta latauksesta ja yli 10 tunnin toistoajasta \u2013 kaikki yhdess\u00e4 tyylikk\u00e4\u00e4ss\u00e4 paketissa. Z3N R10 tekee musiikin kuuntelusta ajattoman el\u00e4myksen.<\/p>\n<p data-start=\"355\" data-end=\"374\"><strong data-start=\"355\" data-end=\"372\">Ominaisuudet:<\/strong><\/p>\n<ul data-start=\"375\" data-end=\"656\" data-is-last-node=\"\" data-is-only-node=\"\">\n<li data-start=\"375\" data-end=\"428\">\n<p data-start=\"377\" data-end=\"428\">BT\/FM\/SD\/AUX \u2013 kaikki yhteydet yhdess\u00e4 laitteessa<\/p>\n<\/li>\n<li data-start=\"429\" data-end=\"484\">\n<p data-start=\"431\" data-end=\"484\">Jalopuukotelo ja kaksinkertainen antennij\u00e4rjestelm\u00e4<\/p>\n<\/li>\n<li data-start=\"485\" data-end=\"532\">\n<p data-start=\"487\" data-end=\"532\">Herkk\u00e4 FM-viritin ja py\u00f6ritett\u00e4v\u00e4t s\u00e4\u00e4timet<\/p>\n<\/li>\n<li data-start=\"533\" data-end=\"567\">\n<p data-start=\"535\" data-end=\"567\">Pitk\u00e4 akunkesto, yli 10 tuntia<\/p>\n<\/li>\n<li data-start=\"568\" data-end=\"613\">\n<p data-start=\"570\" data-end=\"613\">USB-C-lataus ja langaton puhelimen lataus<\/p>\n<\/li>\n<li data-start=\"614\" data-end=\"656\" data-is-last-node=\"\">\n<p data-start=\"616\" data-end=\"656\" data-is-last-node=\"\">Tyylik\u00e4s retroilme, laadukas viimeistely<\/p>\n<\/li>\n<li data-start=\"614\" data-end=\"656\" data-is-last-node=\"\">V\u00e4rivaihtoehdot: musta tai valkoinen nahka, vaalea tai tumma puu<\/li>\n<\/ul>\n<p>Lataa laitteen k\u00e4ytt\u00f6ohjeet klikkaamalla <a href=\"https:\/\/www.z3nhome.com\/ohjeet\/Z3N-R10-OHJE.pdf\">T\u00c4ST\u00c4<\/a><\/p>","protected":false},"excerpt":{"rendered":"<p>Z3N R10 \u2013 retrodesign, nykyp\u00e4iv\u00e4n tekniikka.T\u00e4m\u00e4 klassisen tyylik\u00e4s FM-radio ja Bluetooth-kaiutin yhdist\u00e4\u00e4 aidon puukotelon l\u00e4mpim\u00e4n ilmeen ja modernit ominaisuudet. Nauti kirkkaasta \u00e4\u00e4nest\u00e4, langattomasta latauksesta ja yli 10 tunnin toistoajasta \u2013 kaikki yhdess\u00e4 tyylikk\u00e4\u00e4ss\u00e4 paketissa. Z3N R10 tekee musiikin kuuntelusta ajattoman el\u00e4myksen. Ominaisuudet: BT\/FM\/SD\/AUX \u2013 kaikki yhteydet yhdess\u00e4 laitteessa Jalopuukotelo ja kaksinkertainen antennij\u00e4rjestelm\u00e4 Herkk\u00e4 FM-viritin ja [&#8230;]","protected":false},"featured_media":289,"comment_status":"open","ping_status":"closed","template":"","meta":[],"product_cat":[15],"product_tag":[],"class_list":{"0":"post-52","1":"product","2":"type-product","3":"status-publish","4":"has-post-thumbnail","6":"product_cat-radiot","8":"first","9":"instock","10":"shipping-taxable","11":"purchasable","12":"product-type-simple"},"_links":{"self":[{"href":"https:\/\/z3n.fi\/en\/wp-json\/wp\/v2\/product\/52","targetHints":{"allow":["GET"]}}],"collection":[{"href":"https:\/\/z3n.fi\/en\/wp-json\/wp\/v2\/product"}],"about":[{"href":"https:\/\/z3n.fi\/en\/wp-json\/wp\/v2\/types\/product"}],"replies":[{"embeddable":true,"href":"https:\/\/z3n.fi\/en\/wp-json\/wp\/v2\/comments?post=52"}],"wp:featuredmedia":[{"embeddable":true,"href":"https:\/\/z3n.fi\/en\/wp-json\/wp\/v2\/media\/289"}],"wp:attachment":[{"href":"https:\/\/z3n.fi\/en\/wp-json\/wp\/v2\/media?parent=52"}],"wp:term":[{"taxonomy":"product_cat","embeddable":true,"href":"https:\/\/z3n.fi\/en\/wp-json\/wp\/v2\/product_cat?post=52"},{"taxonomy":"product_tag","embeddable":true,"href":"https:\/\/z3n.fi\/en\/wp-json\/wp\/v2\/product_tag?post=52"}],"curies":[{"name":"wp","href":"https:\/\/api.w.org\/{rel}","templated":true}]}}