{"id":507,"date":"2026-02-03T08:54:42","date_gmt":"2026-02-03T08:54:42","guid":{"rendered":"https:\/\/z3n.fi\/?post_type=product&#038;p=507"},"modified":"2026-02-16T15:00:46","modified_gmt":"2026-02-16T15:00:46","slug":"imuxxl","status":"publish","type":"product","link":"https:\/\/z3n.fi\/en\/product\/imuxxl\/","title":{"rendered":"IMUXXL"},"content":{"rendered":"<h3 data-start=\"42\" data-end=\"87\">Yksi laite. T\u00e4ysi puhtaus. Kaikki mukana.<\/h3>\n<p data-start=\"89\" data-end=\"308\">T\u00e4m\u00e4 <strong data-start=\"94\" data-end=\"116\">\u00e4lyk\u00e4s varsi-imuri<\/strong> hoitaa sek\u00e4 kuiva- ett\u00e4 m\u00e4rk\u00e4puhdistuksen vaivattomasti. Kosketusn\u00e4ytt\u00f6, automaattinen tehons\u00e4\u00e4t\u00f6 ja useat suojatoiminnot tekev\u00e4t k\u00e4yt\u00f6st\u00e4 helppoa ja turvallista \u2013 laite ajattelee puolestasi.<\/p>\n<p data-start=\"310\" data-end=\"491\">Mukana tuleva <strong data-start=\"324\" data-end=\"355\">W1-m\u00e4rk\u00e4- ja kuivapesuharja<\/strong> tunnistuvat automaattisesti ja optimoi tehon heti oikein. HEPA-suodatus, irrotettava akku ja sein\u00e4lataus viimeistelev\u00e4t k\u00e4ytt\u00f6mukavuuden.<\/p>\n<p data-start=\"310\" data-end=\"491\">Akun kapasiteetti: 2200mAh<\/p>\n<p data-start=\"493\" data-end=\"570\"><strong data-start=\"495\" data-end=\"533\">Kaikki lis\u00e4osat sis\u00e4ltyv\u00e4t hintaan!<\/strong><\/p>\n<p data-start=\"572\" data-end=\"616\" data-is-last-node=\"\" data-is-only-node=\"\">Lataa laitteen k\u00e4ytt\u00f6ohjeet klikkaamalla <a href=\"https:\/\/z3nhome.com\/ohjeet\/Z3N-IMUXXL-OHJE.pdf\">T\u00c4ST\u00c4<\/a>!<br \/>\nLaitteen lis\u00e4osien k\u00e4ytt\u00f6ohjeet saat klikkaamalla <a href=\"https:\/\/z3nhome.com\/ohjeet\/Z%23N-IMUXXL-OHJE-LISAVARUSTEET.pdf\">T\u00c4ST\u00c4<\/a>!<br \/>\nVianm\u00e4\u00e4rityksen manuaalin voit ladata <a href=\"https:\/\/z3nhome.com\/ohjeet\/Z3N-IMUXXL-VIANMAARITYS.pdf\">T\u00c4ST\u00c4<\/a>!<\/p>","protected":false},"excerpt":{"rendered":"<p>Yksi laite. T\u00e4ysi puhtaus. Kaikki mukana. T\u00e4m\u00e4 \u00e4lyk\u00e4s varsi-imuri hoitaa sek\u00e4 kuiva- ett\u00e4 m\u00e4rk\u00e4puhdistuksen vaivattomasti. Kosketusn\u00e4ytt\u00f6, automaattinen tehons\u00e4\u00e4t\u00f6 ja useat suojatoiminnot tekev\u00e4t k\u00e4yt\u00f6st\u00e4 helppoa ja turvallista \u2013 laite ajattelee puolestasi. Mukana tuleva W1-m\u00e4rk\u00e4- ja kuivapesuharja tunnistuvat automaattisesti ja optimoi tehon heti oikein. HEPA-suodatus, irrotettava akku ja sein\u00e4lataus viimeistelev\u00e4t k\u00e4ytt\u00f6mukavuuden. Akun kapasiteetti: 2200mAh Kaikki lis\u00e4osat sis\u00e4ltyv\u00e4t [&#8230;]","protected":false},"featured_media":506,"comment_status":"open","ping_status":"closed","template":"","meta":[],"product_cat":[35],"product_tag":[],"class_list":{"0":"post-507","1":"product","2":"type-product","3":"status-publish","4":"has-post-thumbnail","6":"product_cat-varsi-imurit","8":"first","9":"instock","10":"shipping-taxable","11":"purchasable","12":"product-type-simple"},"_links":{"self":[{"href":"https:\/\/z3n.fi\/en\/wp-json\/wp\/v2\/product\/507","targetHints":{"allow":["GET"]}}],"collection":[{"href":"https:\/\/z3n.fi\/en\/wp-json\/wp\/v2\/product"}],"about":[{"href":"https:\/\/z3n.fi\/en\/wp-json\/wp\/v2\/types\/product"}],"replies":[{"embeddable":true,"href":"https:\/\/z3n.fi\/en\/wp-json\/wp\/v2\/comments?post=507"}],"wp:featuredmedia":[{"embeddable":true,"href":"https:\/\/z3n.fi\/en\/wp-json\/wp\/v2\/media\/506"}],"wp:attachment":[{"href":"https:\/\/z3n.fi\/en\/wp-json\/wp\/v2\/media?parent=507"}],"wp:term":[{"taxonomy":"product_cat","embeddable":true,"href":"https:\/\/z3n.fi\/en\/wp-json\/wp\/v2\/product_cat?post=507"},{"taxonomy":"product_tag","embeddable":true,"href":"https:\/\/z3n.fi\/en\/wp-json\/wp\/v2\/product_tag?post=507"}],"curies":[{"name":"wp","href":"https:\/\/api.w.org\/{rel}","templated":true}]}}