{"id":374,"date":"2025-12-16T17:03:49","date_gmt":"2025-12-16T17:03:49","guid":{"rendered":"https:\/\/z3n.fi\/?post_type=product&#038;p=374"},"modified":"2026-02-16T15:05:45","modified_gmt":"2026-02-16T15:05:45","slug":"t2200-pro-auto","status":"publish","type":"product","link":"https:\/\/z3n.fi\/en\/product\/t2200-pro-auto\/","title":{"rendered":"T2200 PRO AUTO"},"content":{"rendered":"<p><strong data-start=\"93\" data-end=\"163\">Z3N T2200 PRO AUTO \u2013 Ammattimainen suorituskyky ja \u00e4lyk\u00e4s hallinta<\/strong><br data-start=\"163\" data-end=\"166\" \/>Z3N T2200 PRO AUTO on huipputason tehosekoitin, joka on varustettu ainutlaatuisella \u00e4\u00e4nieristetyll\u00e4 kannella ja monipuolisilla ohjelmointimahdollisuuksilla. \u00c4lyk\u00e4s muotoilu, ohjelmoitavat toiminnot ja Pulse-toiminto tekev\u00e4t siit\u00e4 t\u00e4ydellisen valinnan vaativaan k\u00e4ytt\u00f6\u00f6n. Laite mahdollistaa jopa 5 oman ohjelman tallentamisen ja 6 vaiheisen sekoitusprosessin s\u00e4\u00e4t\u00e4misen, jotta saat aina t\u00e4ydellisen lopputuloksen. Kest\u00e4v\u00e4 rakenne ja helppok\u00e4ytt\u00f6inen digitaalinen ohjauspaneeli tekev\u00e4t k\u00e4yt\u00f6st\u00e4 vaivatonta.<\/p>\n<p data-start=\"710\" data-end=\"738\"><strong data-start=\"710\" data-end=\"738\">T\u00e4rkeimm\u00e4t ominaisuudet:<\/strong><\/p>\n<ul data-start=\"739\" data-end=\"1118\">\n<li data-start=\"739\" data-end=\"776\">\n<p data-start=\"741\" data-end=\"776\">\u00c4\u00e4nieristetty kansi ja h\u00f6yrykansi<\/p>\n<\/li>\n<li data-start=\"777\" data-end=\"834\">\n<p data-start=\"779\" data-end=\"834\">Digitaalinen ohjauspaneeli ja ohjelmointiominaisuudet<\/p>\n<\/li>\n<li data-start=\"835\" data-end=\"896\">\n<p data-start=\"837\" data-end=\"896\">Tallennettavat ohjelmat ja monivaiheiset sekoitusohjelmat<\/p>\n<\/li>\n<li data-start=\"897\" data-end=\"940\">\n<p data-start=\"899\" data-end=\"940\">Korkean ja matalan pulssinopeuden s\u00e4\u00e4t\u00f6<\/p>\n<\/li>\n<li data-start=\"941\" data-end=\"984\">\n<p data-start=\"943\" data-end=\"984\">Mukautettavat nopeus- ja aikasekvenssit<\/p>\n<\/li>\n<li data-start=\"985\" data-end=\"1028\">\n<p data-start=\"987\" data-end=\"1028\">1,8 litran tritaanikannu ja kest\u00e4v\u00e4 ter\u00e4yksikk\u00f6<\/p>\n<\/li>\n<li data-start=\"1029\" data-end=\"1077\">\n<p data-start=\"1031\" data-end=\"1077\">Puhdistusohjelma ja desinfiointimahdollisuus<\/p>\n<\/li>\n<li data-start=\"1078\" data-end=\"1118\">\n<p data-start=\"1080\" data-end=\"1118\">Tehokas moottori (2200W)<\/p>\n<\/li>\n<\/ul>\n<p>Lataa laitteen k\u00e4ytt\u00f6ohje klikkaamalla <a href=\"https:\/\/z3nhome.com\/ohjeet\/Z3N-T2200-PRO-AUTO-OHJE.pdf\">T\u00c4ST\u00c4<\/a>!<\/p>","protected":false},"excerpt":{"rendered":"<p>Z3N T2200 PRO AUTO \u2013 Ammattimainen suorituskyky ja \u00e4lyk\u00e4s hallintaZ3N T2200 PRO AUTO on huipputason tehosekoitin, joka on varustettu ainutlaatuisella \u00e4\u00e4nieristetyll\u00e4 kannella ja monipuolisilla ohjelmointimahdollisuuksilla. \u00c4lyk\u00e4s muotoilu, ohjelmoitavat toiminnot ja Pulse-toiminto tekev\u00e4t siit\u00e4 t\u00e4ydellisen valinnan vaativaan k\u00e4ytt\u00f6\u00f6n. Laite mahdollistaa jopa 5 oman ohjelman tallentamisen ja 6 vaiheisen sekoitusprosessin s\u00e4\u00e4t\u00e4misen, jotta saat aina t\u00e4ydellisen lopputuloksen. Kest\u00e4v\u00e4 [&#8230;]","protected":false},"featured_media":375,"comment_status":"open","ping_status":"closed","template":"","meta":[],"product_cat":[23],"product_tag":[],"class_list":{"0":"post-374","1":"product","2":"type-product","3":"status-publish","4":"has-post-thumbnail","6":"product_cat-tehosekoittimet","8":"first","9":"instock","10":"shipping-taxable","11":"purchasable","12":"product-type-simple"},"_links":{"self":[{"href":"https:\/\/z3n.fi\/en\/wp-json\/wp\/v2\/product\/374","targetHints":{"allow":["GET"]}}],"collection":[{"href":"https:\/\/z3n.fi\/en\/wp-json\/wp\/v2\/product"}],"about":[{"href":"https:\/\/z3n.fi\/en\/wp-json\/wp\/v2\/types\/product"}],"replies":[{"embeddable":true,"href":"https:\/\/z3n.fi\/en\/wp-json\/wp\/v2\/comments?post=374"}],"wp:featuredmedia":[{"embeddable":true,"href":"https:\/\/z3n.fi\/en\/wp-json\/wp\/v2\/media\/375"}],"wp:attachment":[{"href":"https:\/\/z3n.fi\/en\/wp-json\/wp\/v2\/media?parent=374"}],"wp:term":[{"taxonomy":"product_cat","embeddable":true,"href":"https:\/\/z3n.fi\/en\/wp-json\/wp\/v2\/product_cat?post=374"},{"taxonomy":"product_tag","embeddable":true,"href":"https:\/\/z3n.fi\/en\/wp-json\/wp\/v2\/product_tag?post=374"}],"curies":[{"name":"wp","href":"https:\/\/api.w.org\/{rel}","templated":true}]}}