{"id":370,"date":"2025-12-16T17:00:57","date_gmt":"2025-12-16T17:00:57","guid":{"rendered":"https:\/\/z3n.fi\/?post_type=product&#038;p=370"},"modified":"2026-02-16T15:04:02","modified_gmt":"2026-02-16T15:04:02","slug":"t2200-pro-manual","status":"publish","type":"product","link":"https:\/\/z3n.fi\/en\/product\/t2200-pro-manual\/","title":{"rendered":"T2200 PRO MANUAL"},"content":{"rendered":"<p><strong data-start=\"92\" data-end=\"149\">Z3N T2200 PRO MANUAL \u2013 Tehoa ja hallintaa vaativaan k\u00e4ytt\u00f6\u00f6n<\/strong><br data-start=\"149\" data-end=\"152\" \/>Z3N T2200 PRO MANUAL on tehokas ja luotettava tehosekoitin, joka selviytyy vaivatta niin pehmeist\u00e4 raaka-aineista kuin kovemmista aineksista ja j\u00e4\u00e4st\u00e4. Kaksi nopeusasetusta ja Pulse-toiminto antavat tarkan hallinnan sekoitukseen, ja vankka rakenne takaa varman k\u00e4yt\u00f6n p\u00e4iv\u00e4st\u00e4 toiseen. T\u00e4m\u00e4 tehosekoitin on suunniteltu sinulle, joka arvostat tehokkuutta, turvallisuutta ja tasaista lopputulosta.<\/p>\n<p data-start=\"580\" data-end=\"608\"><strong data-start=\"580\" data-end=\"608\">T\u00e4rkeimm\u00e4t ominaisuudet:<\/strong><\/p>\n<ul data-start=\"609\" data-end=\"1024\">\n<li data-start=\"609\" data-end=\"654\">\n<p data-start=\"611\" data-end=\"654\">Tehokas moottori (2200W) vaativaan sekoittamiseen<\/p>\n<\/li>\n<li data-start=\"655\" data-end=\"697\">\n<p data-start=\"657\" data-end=\"697\">Kaksi nopeusasetusta: matala ja korkea<\/p>\n<\/li>\n<li data-start=\"698\" data-end=\"753\">\n<p data-start=\"700\" data-end=\"753\">Pulse-toiminto jumittuneiden ainesten irrottamiseen<\/p>\n<\/li>\n<li data-start=\"754\" data-end=\"790\">\n<p data-start=\"756\" data-end=\"790\">Ter\u00e4v\u00e4 ja kest\u00e4v\u00e4 ter\u00e4kokoonpano<\/p>\n<\/li>\n<li data-start=\"791\" data-end=\"824\">\n<p data-start=\"793\" data-end=\"824\">Suuri (2.2 litrainen) tritaanikannu<\/p>\n<\/li>\n<li data-start=\"825\" data-end=\"870\">\n<p data-start=\"827\" data-end=\"870\">Ylikuormitussuoja moottorin suojaamiseksi<\/p>\n<\/li>\n<li data-start=\"871\" data-end=\"918\">\n<p data-start=\"873\" data-end=\"918\">Luistamattomat kumijalat vakaaseen k\u00e4ytt\u00f6\u00f6n<\/p>\n<\/li>\n<li data-start=\"919\" data-end=\"963\">\n<p data-start=\"921\" data-end=\"963\">Selke\u00e4 ja helppok\u00e4ytt\u00f6inen kytkinpaneeli<\/p>\n<\/li>\n<li data-start=\"964\" data-end=\"1024\">\n<p data-start=\"966\" data-end=\"1024\">Soveltuu smoothieille, keitoille, kastikkeille ja j\u00e4\u00e4lle<\/p>\n<\/li>\n<\/ul>\n<p>Lataa laitteen k\u00e4ytt\u00f6ohje klikkaamalla <a href=\"https:\/\/z3nhome.com\/ohjeet\/Z3N-T2200-PRO-MANUAL-OHJE.pdf\">T\u00c4ST\u00c4<\/a>!<\/p>","protected":false},"excerpt":{"rendered":"<p>Z3N T2200 PRO MANUAL \u2013 Tehoa ja hallintaa vaativaan k\u00e4ytt\u00f6\u00f6nZ3N T2200 PRO MANUAL on tehokas ja luotettava tehosekoitin, joka selviytyy vaivatta niin pehmeist\u00e4 raaka-aineista kuin kovemmista aineksista ja j\u00e4\u00e4st\u00e4. Kaksi nopeusasetusta ja Pulse-toiminto antavat tarkan hallinnan sekoitukseen, ja vankka rakenne takaa varman k\u00e4yt\u00f6n p\u00e4iv\u00e4st\u00e4 toiseen. T\u00e4m\u00e4 tehosekoitin on suunniteltu sinulle, joka arvostat tehokkuutta, turvallisuutta ja [&#8230;]","protected":false},"featured_media":371,"comment_status":"open","ping_status":"closed","template":"","meta":[],"product_cat":[23],"product_tag":[],"class_list":{"0":"post-370","1":"product","2":"type-product","3":"status-publish","4":"has-post-thumbnail","6":"product_cat-tehosekoittimet","8":"first","9":"instock","10":"shipping-taxable","11":"purchasable","12":"product-type-simple"},"_links":{"self":[{"href":"https:\/\/z3n.fi\/en\/wp-json\/wp\/v2\/product\/370","targetHints":{"allow":["GET"]}}],"collection":[{"href":"https:\/\/z3n.fi\/en\/wp-json\/wp\/v2\/product"}],"about":[{"href":"https:\/\/z3n.fi\/en\/wp-json\/wp\/v2\/types\/product"}],"replies":[{"embeddable":true,"href":"https:\/\/z3n.fi\/en\/wp-json\/wp\/v2\/comments?post=370"}],"wp:featuredmedia":[{"embeddable":true,"href":"https:\/\/z3n.fi\/en\/wp-json\/wp\/v2\/media\/371"}],"wp:attachment":[{"href":"https:\/\/z3n.fi\/en\/wp-json\/wp\/v2\/media?parent=370"}],"wp:term":[{"taxonomy":"product_cat","embeddable":true,"href":"https:\/\/z3n.fi\/en\/wp-json\/wp\/v2\/product_cat?post=370"},{"taxonomy":"product_tag","embeddable":true,"href":"https:\/\/z3n.fi\/en\/wp-json\/wp\/v2\/product_tag?post=370"}],"curies":[{"name":"wp","href":"https:\/\/api.w.org\/{rel}","templated":true}]}}