{"id":362,"date":"2025-12-16T16:33:17","date_gmt":"2025-12-16T16:33:17","guid":{"rendered":"https:\/\/z3n.fi\/?post_type=product&#038;p=362"},"modified":"2026-02-03T09:30:28","modified_gmt":"2026-02-03T09:30:28","slug":"x3m","status":"publish","type":"product","link":"https:\/\/z3n.fi\/en\/product\/x3m\/","title":{"rendered":"X3M"},"content":{"rendered":"<p><strong data-start=\"50\" data-end=\"100\">Z3N X3M \u2013 Tehoa, tyyli\u00e4 ja vapautta liikkeelle<\/strong><br data-start=\"100\" data-end=\"103\" \/>Z3N X3M on tehokas langaton kaiutin, joka tuo musiikkiin voimaa ja tunnelmaa miss\u00e4 tahansa. Jopa 80 watin huipputeho, syv\u00e4 basso ja kirkas \u00e4\u00e4ni tekev\u00e4t vaikutuksen niin kotona, juhlissa kuin ulkona. Pitk\u00e4 akunkesto, Bluetooth 5.3, n\u00e4ytt\u00e4v\u00e4t LED-valot ja k\u00e4tev\u00e4 kantohihna tekev\u00e4t Z3N X3M:st\u00e4 t\u00e4ydellisen kumppanin joka tilanteeseen. Yhdist\u00e4 kaksi kaiutinta TWS-tilassa ja koe aidosti stereo\u00e4\u00e4ni.<\/p>\n<p>Ominaisuudet:<br \/>\n\u2022 Bluetooth 5.3<br \/>\n\u2022 L\u00e4ht\u00f6teho 60 W, PMPO 80 W<br \/>\n\u2022 LED-partyvalo<br \/>\n\u2022 Toistoaika jopa 12 tuntia<br \/>\n\u2022 Langaton kantama 10 metri\u00e4<br \/>\n\u2022 EQ-vaihto, 3 eri \u00e4\u00e4nitilaa<br \/>\n\u2022 Virransy\u00f6tt\u00f6: Type-C 5 V\/ 2 A<br \/>\n\u2022 AUX-sis\u00e4\u00e4ntulo<br \/>\n\u2022 USB-portti<br \/>\n\u2022 TF-korttipaikka<br \/>\n\u2022 Puheluun vastaaminen<br \/>\n\u2022 Kantohihna<br \/>\n\u2022 Paino 2320 g<\/p>\n<p>Lataan laitteen k\u00e4ytt\u00f6ohjeet klikkaamalla <a href=\"https:\/\/z3nhome.com\/ohjeet\/Z3N-X3M-OHJE.pdf\">T\u00c4ST\u00c4<\/a>!<\/p>","protected":false},"excerpt":{"rendered":"<p>Z3N X3M \u2013 Tehoa, tyyli\u00e4 ja vapautta liikkeelleZ3N X3M on tehokas langaton kaiutin, joka tuo musiikkiin voimaa ja tunnelmaa miss\u00e4 tahansa. Jopa 80 watin huipputeho, syv\u00e4 basso ja kirkas \u00e4\u00e4ni tekev\u00e4t vaikutuksen niin kotona, juhlissa kuin ulkona. Pitk\u00e4 akunkesto, Bluetooth 5.3, n\u00e4ytt\u00e4v\u00e4t LED-valot ja k\u00e4tev\u00e4 kantohihna tekev\u00e4t Z3N X3M:st\u00e4 t\u00e4ydellisen kumppanin joka tilanteeseen. Yhdist\u00e4 kaksi [&#8230;]","protected":false},"featured_media":364,"comment_status":"open","ping_status":"closed","template":"","meta":[],"product_cat":[16],"product_tag":[],"class_list":{"0":"post-362","1":"product","2":"type-product","3":"status-publish","4":"has-post-thumbnail","6":"product_cat-kaiuttimet","8":"first","9":"instock","10":"shipping-taxable","11":"purchasable","12":"product-type-simple"},"_links":{"self":[{"href":"https:\/\/z3n.fi\/en\/wp-json\/wp\/v2\/product\/362","targetHints":{"allow":["GET"]}}],"collection":[{"href":"https:\/\/z3n.fi\/en\/wp-json\/wp\/v2\/product"}],"about":[{"href":"https:\/\/z3n.fi\/en\/wp-json\/wp\/v2\/types\/product"}],"replies":[{"embeddable":true,"href":"https:\/\/z3n.fi\/en\/wp-json\/wp\/v2\/comments?post=362"}],"wp:featuredmedia":[{"embeddable":true,"href":"https:\/\/z3n.fi\/en\/wp-json\/wp\/v2\/media\/364"}],"wp:attachment":[{"href":"https:\/\/z3n.fi\/en\/wp-json\/wp\/v2\/media?parent=362"}],"wp:term":[{"taxonomy":"product_cat","embeddable":true,"href":"https:\/\/z3n.fi\/en\/wp-json\/wp\/v2\/product_cat?post=362"},{"taxonomy":"product_tag","embeddable":true,"href":"https:\/\/z3n.fi\/en\/wp-json\/wp\/v2\/product_tag?post=362"}],"curies":[{"name":"wp","href":"https:\/\/api.w.org\/{rel}","templated":true}]}}