{"id":347,"date":"2025-10-09T19:31:09","date_gmt":"2025-10-09T19:31:09","guid":{"rendered":"https:\/\/z3n.fi\/?post_type=product&#038;p=347"},"modified":"2025-10-10T18:59:20","modified_gmt":"2025-10-10T18:59:20","slug":"alp10","status":"publish","type":"product","link":"https:\/\/z3n.fi\/en\/product\/alp10\/","title":{"rendered":"ALP10"},"content":{"rendered":"<p><strong data-start=\"131\" data-end=\"176\">Z3N ALP10 \u2013 t\u00e4ydellisen paahdon tyylill\u00e4.<\/strong><br data-start=\"176\" data-end=\"179\" \/>\u00c4lyk\u00e4s l\u00e4mm\u00f6ns\u00e4\u00e4t\u00f6 takaa tasaisen tuloksen joka kerta. Tyylik\u00e4s valkoinen muotoilu ja helppo puhdistus tekev\u00e4t ALP10:st\u00e4 t\u00e4ydellisen kokonaisuuden Z3N:n AKK10-kahvinkeittimen ja AVK10-vedenkeittimen kanssa.<\/p>\n<p>Ominaisuudet:<\/p>\n<ul>\n<li>PAISTA 2 LEIP\u00c4\u00c4 KERRALLA<\/li>\n<li>IRROTETTAVA MURUKAUKALO<\/li>\n<li>\u00c4LYK\u00c4S L\u00c4MM\u00d6NS\u00c4\u00c4T\u00d6 TAKAA TASAISEN PAAHTOTULOKSEN<\/li>\n<li>V\u00c4RI VALKOINEN, SAMAA SARJAA AKK10-KAHVINKEITTIMEN JA AVK10-VEDENKEITTIMEN KANSSA<\/li>\n<\/ul>\n<p>Lataa laitteen k\u00e4ytt\u00f6ohjeet klikkaamalla <a href=\"https:\/\/www.z3nhome.com\/ohjeet\/Z3N-ALP10-OHJE.pdf\" target=\"_blank\" rel=\"noopener\">T\u00c4ST\u00c4<\/a><\/p>","protected":false},"excerpt":{"rendered":"<p>Z3N ALP10 \u2013 t\u00e4ydellisen paahdon tyylill\u00e4.\u00c4lyk\u00e4s l\u00e4mm\u00f6ns\u00e4\u00e4t\u00f6 takaa tasaisen tuloksen joka kerta. Tyylik\u00e4s valkoinen muotoilu ja helppo puhdistus tekev\u00e4t ALP10:st\u00e4 t\u00e4ydellisen kokonaisuuden Z3N:n AKK10-kahvinkeittimen ja AVK10-vedenkeittimen kanssa. Ominaisuudet: PAISTA 2 LEIP\u00c4\u00c4 KERRALLA IRROTETTAVA MURUKAUKALO \u00c4LYK\u00c4S L\u00c4MM\u00d6NS\u00c4\u00c4T\u00d6 TAKAA TASAISEN PAAHTOTULOKSEN V\u00c4RI VALKOINEN, SAMAA SARJAA AKK10-KAHVINKEITTIMEN JA AVK10-VEDENKEITTIMEN KANSSA Lataa laitteen k\u00e4ytt\u00f6ohjeet klikkaamalla T\u00c4ST\u00c4<\/p>","protected":false},"featured_media":336,"comment_status":"open","ping_status":"closed","template":"","meta":[],"product_cat":[34],"product_tag":[],"class_list":{"0":"post-347","1":"product","2":"type-product","3":"status-publish","4":"has-post-thumbnail","6":"product_cat-leivanpaahtimet","8":"first","9":"instock","10":"shipping-taxable","11":"purchasable","12":"product-type-simple"},"_links":{"self":[{"href":"https:\/\/z3n.fi\/en\/wp-json\/wp\/v2\/product\/347","targetHints":{"allow":["GET"]}}],"collection":[{"href":"https:\/\/z3n.fi\/en\/wp-json\/wp\/v2\/product"}],"about":[{"href":"https:\/\/z3n.fi\/en\/wp-json\/wp\/v2\/types\/product"}],"replies":[{"embeddable":true,"href":"https:\/\/z3n.fi\/en\/wp-json\/wp\/v2\/comments?post=347"}],"wp:featuredmedia":[{"embeddable":true,"href":"https:\/\/z3n.fi\/en\/wp-json\/wp\/v2\/media\/336"}],"wp:attachment":[{"href":"https:\/\/z3n.fi\/en\/wp-json\/wp\/v2\/media?parent=347"}],"wp:term":[{"taxonomy":"product_cat","embeddable":true,"href":"https:\/\/z3n.fi\/en\/wp-json\/wp\/v2\/product_cat?post=347"},{"taxonomy":"product_tag","embeddable":true,"href":"https:\/\/z3n.fi\/en\/wp-json\/wp\/v2\/product_tag?post=347"}],"curies":[{"name":"wp","href":"https:\/\/api.w.org\/{rel}","templated":true}]}}