{"id":346,"date":"2025-10-09T19:27:49","date_gmt":"2025-10-09T19:27:49","guid":{"rendered":"https:\/\/z3n.fi\/?post_type=product&#038;p=346"},"modified":"2026-02-16T14:58:13","modified_gmt":"2026-02-16T14:58:13","slug":"akk10","status":"publish","type":"product","link":"https:\/\/z3n.fi\/en\/product\/akk10\/","title":{"rendered":"AKK10"},"content":{"rendered":"<p><strong data-start=\"129\" data-end=\"178\">Z3N AKK10 \u2013 kahvinkeittimen uusi tyyliluokka.<\/strong><br data-start=\"178\" data-end=\"181\" \/>OptiCup-j\u00e4rjestelm\u00e4 varmistaa t\u00e4ydellisen kahvinautinnon joka kerta. Tyylik\u00e4s valkoinen design ja k\u00e4yt\u00e4nn\u00f6lliset toiminnot tekev\u00e4t AKK10:st\u00e4 t\u00e4ydellisen parin Z3N:n AVK10-vedenkeittimen ja ALP10-leiv\u00e4npaahtimen kanssa.<\/p>\n<p>Ominaisuudet:<\/p>\n<ul>\n<li>OPTICUP-J\u00c4RJESTELM\u00c4 T\u00c4YDELLISEN<\/li>\n<li>KAHVIN VALMISTUKSEEN<\/li>\n<li>KEIT\u00c4 JOPA 10 KUPPIA KERRALLA, KANNUN TILAVUUS 1.2 LITRAA<\/li>\n<li>AUTOMAATTINEN VIRRANKATKAISU 40 MIN<\/li>\n<li>TIPPALUKKO<\/li>\n<li>IRROTETTAVA SUODATINKORI<\/li>\n<li>V\u00c4RI VALKOINEN, SAMAA SARJAA ALP10-LEIV\u00c4NPAAHTIMEN JA AVK10-VEDENKEITTIMEN KANSSA<\/li>\n<\/ul>\n<p>Lataa laitteen k\u00e4ytt\u00f6ohjeet klikkaamalla <a href=\"https:\/\/www.z3nhome.com\/ohjeet\/Z3N-AKK10-OHJE.pdf\" target=\"_blank\" rel=\"noopener\">T\u00c4ST\u00c4<\/a><\/p>","protected":false},"excerpt":{"rendered":"<p>Z3N AKK10 \u2013 kahvinkeittimen uusi tyyliluokka.OptiCup-j\u00e4rjestelm\u00e4 varmistaa t\u00e4ydellisen kahvinautinnon joka kerta. Tyylik\u00e4s valkoinen design ja k\u00e4yt\u00e4nn\u00f6lliset toiminnot tekev\u00e4t AKK10:st\u00e4 t\u00e4ydellisen parin Z3N:n AVK10-vedenkeittimen ja ALP10-leiv\u00e4npaahtimen kanssa. Ominaisuudet: OPTICUP-J\u00c4RJESTELM\u00c4 T\u00c4YDELLISEN KAHVIN VALMISTUKSEEN KEIT\u00c4 JOPA 10 KUPPIA KERRALLA, KANNUN TILAVUUS 1.2 LITRAA AUTOMAATTINEN VIRRANKATKAISU 40 MIN TIPPALUKKO IRROTETTAVA SUODATINKORI V\u00c4RI VALKOINEN, SAMAA SARJAA ALP10-LEIV\u00c4NPAAHTIMEN JA AVK10-VEDENKEITTIMEN KANSSA [&#8230;]","protected":false},"featured_media":334,"comment_status":"open","ping_status":"closed","template":"","meta":[],"product_cat":[32],"product_tag":[],"class_list":{"0":"post-346","1":"product","2":"type-product","3":"status-publish","4":"has-post-thumbnail","6":"product_cat-kahvinkeittimet","8":"first","9":"instock","10":"shipping-taxable","11":"purchasable","12":"product-type-simple"},"_links":{"self":[{"href":"https:\/\/z3n.fi\/en\/wp-json\/wp\/v2\/product\/346","targetHints":{"allow":["GET"]}}],"collection":[{"href":"https:\/\/z3n.fi\/en\/wp-json\/wp\/v2\/product"}],"about":[{"href":"https:\/\/z3n.fi\/en\/wp-json\/wp\/v2\/types\/product"}],"replies":[{"embeddable":true,"href":"https:\/\/z3n.fi\/en\/wp-json\/wp\/v2\/comments?post=346"}],"wp:featuredmedia":[{"embeddable":true,"href":"https:\/\/z3n.fi\/en\/wp-json\/wp\/v2\/media\/334"}],"wp:attachment":[{"href":"https:\/\/z3n.fi\/en\/wp-json\/wp\/v2\/media?parent=346"}],"wp:term":[{"taxonomy":"product_cat","embeddable":true,"href":"https:\/\/z3n.fi\/en\/wp-json\/wp\/v2\/product_cat?post=346"},{"taxonomy":"product_tag","embeddable":true,"href":"https:\/\/z3n.fi\/en\/wp-json\/wp\/v2\/product_tag?post=346"}],"curies":[{"name":"wp","href":"https:\/\/api.w.org\/{rel}","templated":true}]}}