{"id":345,"date":"2025-10-09T19:24:25","date_gmt":"2025-10-09T19:24:25","guid":{"rendered":"https:\/\/z3n.fi\/?post_type=product&#038;p=345"},"modified":"2025-10-10T18:02:30","modified_gmt":"2025-10-10T18:02:30","slug":"avk10","status":"publish","type":"product","link":"https:\/\/z3n.fi\/en\/product\/avk10\/","title":{"rendered":"AVK10"},"content":{"rendered":"<p><strong data-start=\"166\" data-end=\"241\">Z3N AVK10 \u2013 vedenkeitin, joka tekee arjesta nopeampaa ja tyylikk\u00e4\u00e4mp\u00e4\u00e4.<\/strong><br data-start=\"241\" data-end=\"244\" \/>Moderni muotoilu, tehokas suorituskyky ja varma turvallisuus \u2013 t\u00e4ydellinen kokonaisuus Z3N:n AKK10-kahvinkeittimen ja ALP10-leiv\u00e4npaahtimen kanssa.<\/p>\n<ul>\n<li>TEHO 2200 W<\/li>\n<li>TILAVUUS 1,7 L<\/li>\n<li>KEIT\u00c4 VETT\u00c4 JOPA 40 SEKUNNISSA<\/li>\n<li>STRIX-TURVAOHJAIN<\/li>\n<li>AUTOMAATTINEN SAMMUTUS<\/li>\n<li>V\u00c4RI VALKOINEN, SAMAA SARJAA<br \/>\nAKK10-KAHVINKEITTIMEN JA<br \/>\nALP10-LEIV\u00c4NPAAHTIMEN KANSSA<\/li>\n<\/ul>\n<p>Lataa laitteen k\u00e4ytt\u00f6ohjeet klikkaamalla <a href=\"https:\/\/www.z3nhome.com\/ohjeet\/Z3N-AVK10-OHJE.pdf\">T\u00c4ST\u00c4<\/a><\/p>","protected":false},"excerpt":{"rendered":"<p>Z3N AVK10 \u2013 vedenkeitin, joka tekee arjesta nopeampaa ja tyylikk\u00e4\u00e4mp\u00e4\u00e4.Moderni muotoilu, tehokas suorituskyky ja varma turvallisuus \u2013 t\u00e4ydellinen kokonaisuus Z3N:n AKK10-kahvinkeittimen ja ALP10-leiv\u00e4npaahtimen kanssa. TEHO 2200 W TILAVUUS 1,7 L KEIT\u00c4 VETT\u00c4 JOPA 40 SEKUNNISSA STRIX-TURVAOHJAIN AUTOMAATTINEN SAMMUTUS V\u00c4RI VALKOINEN, SAMAA SARJAA AKK10-KAHVINKEITTIMEN JA ALP10-LEIV\u00c4NPAAHTIMEN KANSSA Lataa laitteen k\u00e4ytt\u00f6ohjeet klikkaamalla T\u00c4ST\u00c4<\/p>","protected":false},"featured_media":335,"comment_status":"open","ping_status":"closed","template":"","meta":[],"product_cat":[19],"product_tag":[],"class_list":{"0":"post-345","1":"product","2":"type-product","3":"status-publish","4":"has-post-thumbnail","6":"product_cat-vedenkeittimet","8":"first","9":"instock","10":"shipping-taxable","11":"purchasable","12":"product-type-simple"},"_links":{"self":[{"href":"https:\/\/z3n.fi\/en\/wp-json\/wp\/v2\/product\/345","targetHints":{"allow":["GET"]}}],"collection":[{"href":"https:\/\/z3n.fi\/en\/wp-json\/wp\/v2\/product"}],"about":[{"href":"https:\/\/z3n.fi\/en\/wp-json\/wp\/v2\/types\/product"}],"replies":[{"embeddable":true,"href":"https:\/\/z3n.fi\/en\/wp-json\/wp\/v2\/comments?post=345"}],"wp:featuredmedia":[{"embeddable":true,"href":"https:\/\/z3n.fi\/en\/wp-json\/wp\/v2\/media\/335"}],"wp:attachment":[{"href":"https:\/\/z3n.fi\/en\/wp-json\/wp\/v2\/media?parent=345"}],"wp:term":[{"taxonomy":"product_cat","embeddable":true,"href":"https:\/\/z3n.fi\/en\/wp-json\/wp\/v2\/product_cat?post=345"},{"taxonomy":"product_tag","embeddable":true,"href":"https:\/\/z3n.fi\/en\/wp-json\/wp\/v2\/product_tag?post=345"}],"curies":[{"name":"wp","href":"https:\/\/api.w.org\/{rel}","templated":true}]}}