{"id":333,"date":"2025-10-09T18:52:59","date_gmt":"2025-10-09T18:52:59","guid":{"rendered":"https:\/\/z3n.fi\/?post_type=product&#038;p=333"},"modified":"2025-10-10T18:58:59","modified_gmt":"2025-10-10T18:58:59","slug":"aamiaissetti-akk10-avk10-alp10","status":"publish","type":"product","link":"https:\/\/z3n.fi\/en\/product\/aamiaissetti-akk10-avk10-alp10\/","title":{"rendered":"AAMIAISSETTI AKK10 + AVK10 + ALP10"},"content":{"rendered":"<p>Her\u00e4t\u00e4 aamusi Z3N aamiaissetill\u00e4!<\/p>\n<p>T\u00e4m\u00e4 tyylik\u00e4s ja k\u00e4yt\u00e4nn\u00f6llinen paketti yhdist\u00e4\u00e4 kolme olennaista aamutoimintoa \u2013 leiv\u00e4npaahdin, kahvinkeitin ja vedenkeitin \u2013 moderniin designiin, joka vie arjen nautinnolliselle tasolle. Aamiaisesi ei ole en\u00e4\u00e4 sama ilman Z3N:\u00e4\u00e4. K\u00e4tev\u00e4, kaunis ja ennen kaikkea tehokas paketti!<\/p>\n<p>Tervetuloa t\u00e4ydelliseen aamurutiiniin.<\/p>","protected":false},"excerpt":{"rendered":"<p>Her\u00e4t\u00e4 aamusi Z3N aamiaissetill\u00e4! T\u00e4m\u00e4 tyylik\u00e4s ja k\u00e4yt\u00e4nn\u00f6llinen paketti yhdist\u00e4\u00e4 kolme olennaista aamutoimintoa \u2013 leiv\u00e4npaahdin, kahvinkeitin ja vedenkeitin \u2013 moderniin designiin, joka vie arjen nautinnolliselle tasolle. Aamiaisesi ei ole en\u00e4\u00e4 sama ilman Z3N:\u00e4\u00e4. K\u00e4tev\u00e4, kaunis ja ennen kaikkea tehokas paketti! Tervetuloa t\u00e4ydelliseen aamurutiiniin.<\/p>","protected":false},"featured_media":332,"comment_status":"open","ping_status":"closed","template":"","meta":[],"product_cat":[33],"product_tag":[],"class_list":{"0":"post-333","1":"product","2":"type-product","3":"status-publish","4":"has-post-thumbnail","6":"product_cat-aamiaissetti","8":"first","9":"instock","10":"shipping-taxable","11":"purchasable","12":"product-type-simple"},"_links":{"self":[{"href":"https:\/\/z3n.fi\/en\/wp-json\/wp\/v2\/product\/333","targetHints":{"allow":["GET"]}}],"collection":[{"href":"https:\/\/z3n.fi\/en\/wp-json\/wp\/v2\/product"}],"about":[{"href":"https:\/\/z3n.fi\/en\/wp-json\/wp\/v2\/types\/product"}],"replies":[{"embeddable":true,"href":"https:\/\/z3n.fi\/en\/wp-json\/wp\/v2\/comments?post=333"}],"wp:featuredmedia":[{"embeddable":true,"href":"https:\/\/z3n.fi\/en\/wp-json\/wp\/v2\/media\/332"}],"wp:attachment":[{"href":"https:\/\/z3n.fi\/en\/wp-json\/wp\/v2\/media?parent=333"}],"wp:term":[{"taxonomy":"product_cat","embeddable":true,"href":"https:\/\/z3n.fi\/en\/wp-json\/wp\/v2\/product_cat?post=333"},{"taxonomy":"product_tag","embeddable":true,"href":"https:\/\/z3n.fi\/en\/wp-json\/wp\/v2\/product_tag?post=333"}],"curies":[{"name":"wp","href":"https:\/\/api.w.org\/{rel}","templated":true}]}}