{"id":328,"date":"2025-10-09T18:45:56","date_gmt":"2025-10-09T18:45:56","guid":{"rendered":"https:\/\/z3n.fi\/?post_type=product&#038;p=328"},"modified":"2026-02-16T15:19:12","modified_gmt":"2026-02-16T15:19:12","slug":"kk1500v","status":"publish","type":"product","link":"https:\/\/z3n.fi\/en\/product\/kk1500v\/","title":{"rendered":"KK1500V"},"content":{"rendered":"<p><strong data-start=\"143\" data-end=\"190\">Z3N KK1500V \u2013 t\u00e4ydellisen kahvin yst\u00e4v\u00e4lle.<\/strong><br data-start=\"190\" data-end=\"193\" \/>Tyylik\u00e4s ja luotettava kahvinkeitin, joka tekee arjen kahvihetkist\u00e4 helpompia ja herkullisempia. KK1500V yhdist\u00e4\u00e4 laadukkaan valmistuksen, harkitun muotoilun ja kahvinautinnon, joka kest\u00e4\u00e4 kupista toiseen \u2013 p\u00e4iv\u00e4st\u00e4 toiseen.<\/p>\n<p>Ominaisuudet:<\/p>\n<ul>\n<li><em>OPTICUP-J\u00c4RJESTELM\u00c4 T\u00c4YDELLISEN KAHVIN VALMISTUKSEEN<\/em><\/li>\n<li><em>KEIT\u00c4 JOPA 10 KUPPIA KERRALLA, KANNUN TILAVUUS 1.25 LITRAA<\/em><\/li>\n<li><em>AROMIKANNU PIT\u00c4\u00c4 KAHVIN TUOREENA PIDEMP\u00c4\u00c4N<\/em><\/li>\n<li><em>AUTOMAATTINEN VIRRANKATKAISU<\/em><\/li>\n<li><em>TIPPALUKKO<\/em><\/li>\n<li><em>IRROTETTAVA SUODATINKORI<\/em><\/li>\n<\/ul>\n<p>Lataa laitteen k\u00e4ytt\u00f6ohjeet klikkaamalla <a href=\"https:\/\/www.z3nhome.com\/ohjeet\/Z3N-KK1500V-OHJE.pdf\">T\u00c4ST\u00c4<\/a><\/p>","protected":false},"excerpt":{"rendered":"<p>Z3N KK1500V \u2013 t\u00e4ydellisen kahvin yst\u00e4v\u00e4lle.Tyylik\u00e4s ja luotettava kahvinkeitin, joka tekee arjen kahvihetkist\u00e4 helpompia ja herkullisempia. KK1500V yhdist\u00e4\u00e4 laadukkaan valmistuksen, harkitun muotoilun ja kahvinautinnon, joka kest\u00e4\u00e4 kupista toiseen \u2013 p\u00e4iv\u00e4st\u00e4 toiseen. Ominaisuudet: OPTICUP-J\u00c4RJESTELM\u00c4 T\u00c4YDELLISEN KAHVIN VALMISTUKSEEN KEIT\u00c4 JOPA 10 KUPPIA KERRALLA, KANNUN TILAVUUS 1.25 LITRAA AROMIKANNU PIT\u00c4\u00c4 KAHVIN TUOREENA PIDEMP\u00c4\u00c4N AUTOMAATTINEN VIRRANKATKAISU TIPPALUKKO IRROTETTAVA SUODATINKORI [&#8230;]","protected":false},"featured_media":330,"comment_status":"open","ping_status":"closed","template":"","meta":[],"product_cat":[32],"product_tag":[],"class_list":{"0":"post-328","1":"product","2":"type-product","3":"status-publish","4":"has-post-thumbnail","6":"product_cat-kahvinkeittimet","8":"first","9":"instock","10":"shipping-taxable","11":"purchasable","12":"product-type-simple"},"_links":{"self":[{"href":"https:\/\/z3n.fi\/en\/wp-json\/wp\/v2\/product\/328","targetHints":{"allow":["GET"]}}],"collection":[{"href":"https:\/\/z3n.fi\/en\/wp-json\/wp\/v2\/product"}],"about":[{"href":"https:\/\/z3n.fi\/en\/wp-json\/wp\/v2\/types\/product"}],"replies":[{"embeddable":true,"href":"https:\/\/z3n.fi\/en\/wp-json\/wp\/v2\/comments?post=328"}],"wp:featuredmedia":[{"embeddable":true,"href":"https:\/\/z3n.fi\/en\/wp-json\/wp\/v2\/media\/330"}],"wp:attachment":[{"href":"https:\/\/z3n.fi\/en\/wp-json\/wp\/v2\/media?parent=328"}],"wp:term":[{"taxonomy":"product_cat","embeddable":true,"href":"https:\/\/z3n.fi\/en\/wp-json\/wp\/v2\/product_cat?post=328"},{"taxonomy":"product_tag","embeddable":true,"href":"https:\/\/z3n.fi\/en\/wp-json\/wp\/v2\/product_tag?post=328"}],"curies":[{"name":"wp","href":"https:\/\/api.w.org\/{rel}","templated":true}]}}