{"id":310,"date":"2025-10-09T18:19:49","date_gmt":"2025-10-09T18:19:49","guid":{"rendered":"https:\/\/z3n.fi\/?post_type=product&#038;p=310"},"modified":"2026-02-03T09:51:45","modified_gmt":"2026-02-03T09:51:45","slug":"33w-virtalahde","status":"publish","type":"product","link":"https:\/\/z3n.fi\/en\/product\/33w-virtalahde\/","title":{"rendered":"33W LATURI C-LIIT\u00c4NN\u00c4LL\u00c4"},"content":{"rendered":"<p>33W pikalaturi USB-C-LIIT\u00c4NN\u00c4LL\u00c4!<\/p>\n<p>C-kaapeli myyd\u00e4\u00e4n erikseen.<\/p>\n<p>Lataan laitteen k\u00e4ytt\u00f6ohje klikkaamalla <a href=\"https:\/\/z3nhome.com\/ohjeet\/Z3N-33W-LATURI-OHJE.pdf\">T\u00c4ST\u00c4<\/a>!<\/p>","protected":false},"excerpt":{"rendered":"<p>33W pikalaturi USB-C-LIIT\u00c4NN\u00c4LL\u00c4! C-kaapeli myyd\u00e4\u00e4n erikseen. Lataan laitteen k\u00e4ytt\u00f6ohje klikkaamalla T\u00c4ST\u00c4!<\/p>","protected":false},"featured_media":318,"comment_status":"open","ping_status":"closed","template":"","meta":[],"product_cat":[31],"product_tag":[],"class_list":{"0":"post-310","1":"product","2":"type-product","3":"status-publish","4":"has-post-thumbnail","6":"product_cat-laturit-ja-kaapelit","8":"first","9":"instock","10":"shipping-taxable","11":"purchasable","12":"product-type-simple"},"_links":{"self":[{"href":"https:\/\/z3n.fi\/en\/wp-json\/wp\/v2\/product\/310","targetHints":{"allow":["GET"]}}],"collection":[{"href":"https:\/\/z3n.fi\/en\/wp-json\/wp\/v2\/product"}],"about":[{"href":"https:\/\/z3n.fi\/en\/wp-json\/wp\/v2\/types\/product"}],"replies":[{"embeddable":true,"href":"https:\/\/z3n.fi\/en\/wp-json\/wp\/v2\/comments?post=310"}],"wp:featuredmedia":[{"embeddable":true,"href":"https:\/\/z3n.fi\/en\/wp-json\/wp\/v2\/media\/318"}],"wp:attachment":[{"href":"https:\/\/z3n.fi\/en\/wp-json\/wp\/v2\/media?parent=310"}],"wp:term":[{"taxonomy":"product_cat","embeddable":true,"href":"https:\/\/z3n.fi\/en\/wp-json\/wp\/v2\/product_cat?post=310"},{"taxonomy":"product_tag","embeddable":true,"href":"https:\/\/z3n.fi\/en\/wp-json\/wp\/v2\/product_tag?post=310"}],"curies":[{"name":"wp","href":"https:\/\/api.w.org\/{rel}","templated":true}]}}