{"id":302,"date":"2025-10-09T18:07:06","date_gmt":"2025-10-09T18:07:06","guid":{"rendered":"https:\/\/z3n.fi\/?post_type=product&#038;p=302"},"modified":"2025-10-10T18:05:58","modified_gmt":"2025-10-10T18:05:58","slug":"r11","status":"publish","type":"product","link":"https:\/\/z3n.fi\/en\/product\/r11\/","title":{"rendered":"R11"},"content":{"rendered":"<div><strong data-start=\"0\" data-end=\"55\" data-is-only-node=\"\">R11 Retro \u2013 klassista charmia, modernia tekniikkaa.<\/strong><br data-start=\"55\" data-end=\"58\" \/>T\u00e4m\u00e4 tyylik\u00e4s Bluetooth-radio yhdist\u00e4\u00e4 vintage-henkisen muotoilun ja nykyaikaiset ominaisuudet. Nauti kirkkaasta \u00e4\u00e4nest\u00e4, herk\u00e4st\u00e4 FM-virittimest\u00e4 ja \u00e4lypuhelimen langattomasta latauksesta \u2013 miss\u00e4 tahansa, milloin tahansa. R11 Retro tekee arjesta soivan tyylik\u00e4st\u00e4.<\/div>\n<div><\/div>\n<div>Ominaisuudet:<\/div>\n<div><em>\u2022 BT\/FM\/SD\/AUX<\/em><\/div>\n<div><em>\u2022 Digitaalinen n\u00e4ytt\u00f6: kellonaika,<\/em><\/div>\n<div><em>her\u00e4tys sek\u00e4 sis\u00e4l\u00e4mp\u00f6tila<\/em><\/div>\n<div><em>\u2022 Musta\/vaalea nahkaverhoilu<\/em><\/div>\n<div><em>\u2022 USB-C-tyypin virtaliit\u00e4nt\u00e4<\/em><\/div>\n<div><em>\u2022 Pitk\u00e4kestoinen akku<\/em><\/div>\n<div><em>\u2022 \u00c4lypuhelimen langaton lataus<\/em><\/div>\n<div><\/div>\n<div>Lataa laitteen k\u00e4ytt\u00f6ohjeet klikkaamalla <a href=\"https:\/\/www.z3nhome.com\/ohjeet\/Z3N-R11-OHJE.pdf\">T\u00c4ST\u00c4<\/a><\/div>","protected":false},"excerpt":{"rendered":"<p>R11 Retro \u2013 klassista charmia, modernia tekniikkaa.T\u00e4m\u00e4 tyylik\u00e4s Bluetooth-radio yhdist\u00e4\u00e4 vintage-henkisen muotoilun ja nykyaikaiset ominaisuudet. Nauti kirkkaasta \u00e4\u00e4nest\u00e4, herk\u00e4st\u00e4 FM-virittimest\u00e4 ja \u00e4lypuhelimen langattomasta latauksesta \u2013 miss\u00e4 tahansa, milloin tahansa. R11 Retro tekee arjesta soivan tyylik\u00e4st\u00e4. Ominaisuudet: \u2022 BT\/FM\/SD\/AUX \u2022 Digitaalinen n\u00e4ytt\u00f6: kellonaika, her\u00e4tys sek\u00e4 sis\u00e4l\u00e4mp\u00f6tila \u2022 Musta\/vaalea nahkaverhoilu \u2022 USB-C-tyypin virtaliit\u00e4nt\u00e4 \u2022 Pitk\u00e4kestoinen akku \u2022 [&#8230;]","protected":false},"featured_media":303,"comment_status":"open","ping_status":"closed","template":"","meta":[],"product_cat":[15],"product_tag":[],"class_list":{"0":"post-302","1":"product","2":"type-product","3":"status-publish","4":"has-post-thumbnail","6":"product_cat-radiot","8":"first","9":"instock","10":"shipping-taxable","11":"purchasable","12":"product-type-simple"},"_links":{"self":[{"href":"https:\/\/z3n.fi\/en\/wp-json\/wp\/v2\/product\/302","targetHints":{"allow":["GET"]}}],"collection":[{"href":"https:\/\/z3n.fi\/en\/wp-json\/wp\/v2\/product"}],"about":[{"href":"https:\/\/z3n.fi\/en\/wp-json\/wp\/v2\/types\/product"}],"replies":[{"embeddable":true,"href":"https:\/\/z3n.fi\/en\/wp-json\/wp\/v2\/comments?post=302"}],"wp:featuredmedia":[{"embeddable":true,"href":"https:\/\/z3n.fi\/en\/wp-json\/wp\/v2\/media\/303"}],"wp:attachment":[{"href":"https:\/\/z3n.fi\/en\/wp-json\/wp\/v2\/media?parent=302"}],"wp:term":[{"taxonomy":"product_cat","embeddable":true,"href":"https:\/\/z3n.fi\/en\/wp-json\/wp\/v2\/product_cat?post=302"},{"taxonomy":"product_tag","embeddable":true,"href":"https:\/\/z3n.fi\/en\/wp-json\/wp\/v2\/product_tag?post=302"}],"curies":[{"name":"wp","href":"https:\/\/api.w.org\/{rel}","templated":true}]}}