{"id":232,"date":"2025-10-09T17:04:07","date_gmt":"2025-10-09T17:04:07","guid":{"rendered":"https:\/\/z3n.fi\/?post_type=product&#038;p=232"},"modified":"2025-10-10T18:48:51","modified_gmt":"2025-10-10T18:48:51","slug":"go-pro","status":"publish","type":"product","link":"https:\/\/z3n.fi\/en\/product\/go-pro\/","title":{"rendered":"GO PRO"},"content":{"rendered":"<p><strong data-start=\"0\" data-end=\"52\" data-is-only-node=\"\">Z3N GO PRO \u2013 \u00e4lyk\u00e4st\u00e4 \u00e4\u00e4nt\u00e4 ilman kompromisseja.<\/strong><br data-start=\"52\" data-end=\"55\" \/>N\u00e4m\u00e4 langattomat kuulokkeet yhdist\u00e4v\u00e4t aktiivisen vastamelun, kirkkaan \u00e4\u00e4nen ja tyylikk\u00e4\u00e4n LCD-n\u00e4yt\u00f6n. Bluetooth 5.4 -yhteys, \u00e4lyk\u00e4s kosketusohjaus ja pitk\u00e4 akunkesto tekev\u00e4t kuuntelusta sujuvaa miss\u00e4 tahansa. Z3N GO PRO \u2013 \u00e4\u00e4nt\u00e4, joka seuraa rytmi\u00e4si.<\/p>\n<p>Ominaisuudet:<\/p>\n<ul>\n<li><em>Z3N PRO SOUND -\u00c4\u00c4NI<br \/>\n<\/em><\/li>\n<li><em>DAPTIIVINEN- JA YMP\u00c4RIST\u00d6MELUNVAIMENNUS (ANC+ENC)<\/em><\/li>\n<li><em>\u00c4LYK\u00c4S LATAUSKOTELO 1,47&#8243; KOSKETUSN\u00c4YT\u00d6LL\u00c4<\/em><\/li>\n<li><em>SIS\u00c4\u00c4NRAKENNETTU PRO-MIKROFONI<\/em><\/li>\n<li><em>AKUNKESTO ENINT\u00c4\u00c4N 8H<\/em><\/li>\n<li><em>ENIMM\u00c4ISTOISTOAIKA LATAUSKOTELON KANSSA 30H<\/em><\/li>\n<li><em>USB-C-TYYPIN LATAUSLIIT\u00c4NT\u00c4<\/em><\/li>\n<li><em>BLUETOOTH 5.4 (AVRCP, A2DP, HFP, HSP)<\/em><\/li>\n<\/ul>\n<p>Lataa laitteen k\u00e4ytt\u00f6ohjeet klikkaamalla <a href=\"https:\/\/www.z3nhome.com\/ohjeet\/Z3N-GOPRO-OHJE.pdf\">T\u00c4ST\u00c4<\/a><\/p>","protected":false},"excerpt":{"rendered":"<p>Z3N GO PRO \u2013 \u00e4lyk\u00e4st\u00e4 \u00e4\u00e4nt\u00e4 ilman kompromisseja.N\u00e4m\u00e4 langattomat kuulokkeet yhdist\u00e4v\u00e4t aktiivisen vastamelun, kirkkaan \u00e4\u00e4nen ja tyylikk\u00e4\u00e4n LCD-n\u00e4yt\u00f6n. Bluetooth 5.4 -yhteys, \u00e4lyk\u00e4s kosketusohjaus ja pitk\u00e4 akunkesto tekev\u00e4t kuuntelusta sujuvaa miss\u00e4 tahansa. Z3N GO PRO \u2013 \u00e4\u00e4nt\u00e4, joka seuraa rytmi\u00e4si. Ominaisuudet: Z3N PRO SOUND -\u00c4\u00c4NI DAPTIIVINEN- JA YMP\u00c4RIST\u00d6MELUNVAIMENNUS (ANC+ENC) \u00c4LYK\u00c4S LATAUSKOTELO 1,47&#8243; KOSKETUSN\u00c4YT\u00d6LL\u00c4 SIS\u00c4\u00c4NRAKENNETTU PRO-MIKROFONI AKUNKESTO [&#8230;]","protected":false},"featured_media":240,"comment_status":"open","ping_status":"closed","template":"","meta":[],"product_cat":[17],"product_tag":[],"class_list":{"0":"post-232","1":"product","2":"type-product","3":"status-publish","4":"has-post-thumbnail","6":"product_cat-kuulokkeet","8":"first","9":"instock","10":"shipping-taxable","11":"purchasable","12":"product-type-simple"},"_links":{"self":[{"href":"https:\/\/z3n.fi\/en\/wp-json\/wp\/v2\/product\/232","targetHints":{"allow":["GET"]}}],"collection":[{"href":"https:\/\/z3n.fi\/en\/wp-json\/wp\/v2\/product"}],"about":[{"href":"https:\/\/z3n.fi\/en\/wp-json\/wp\/v2\/types\/product"}],"replies":[{"embeddable":true,"href":"https:\/\/z3n.fi\/en\/wp-json\/wp\/v2\/comments?post=232"}],"wp:featuredmedia":[{"embeddable":true,"href":"https:\/\/z3n.fi\/en\/wp-json\/wp\/v2\/media\/240"}],"wp:attachment":[{"href":"https:\/\/z3n.fi\/en\/wp-json\/wp\/v2\/media?parent=232"}],"wp:term":[{"taxonomy":"product_cat","embeddable":true,"href":"https:\/\/z3n.fi\/en\/wp-json\/wp\/v2\/product_cat?post=232"},{"taxonomy":"product_tag","embeddable":true,"href":"https:\/\/z3n.fi\/en\/wp-json\/wp\/v2\/product_tag?post=232"}],"curies":[{"name":"wp","href":"https:\/\/api.w.org\/{rel}","templated":true}]}}